{"id":1528,"date":"2025-01-21T17:21:09","date_gmt":"2025-01-21T16:21:09","guid":{"rendered":"https:\/\/www.mobile-theater.de\/des-spectacles-sur-mesure\/business-event-theater\/"},"modified":"2025-01-28T21:32:06","modified_gmt":"2025-01-28T20:32:06","slug":"theatre-dentreprise","status":"publish","type":"page","link":"https:\/\/www.mobile-theater.de\/fr\/des-spectacles-sur-mesure\/theatre-dentreprise\/","title":{"rendered":"Th\u00e9\u00e2tre d&rsquo;entreprise"},"content":{"rendered":"<div class=\"wpb-content-wrapper\">[vc_row full_width=\u00a0\u00bbstretch_row\u00a0\u00bb content_placement=\u00a0\u00bbmiddle\u00a0\u00bb column_spacing=\u00a0\u00bb0px\u00a0\u00bb css=\u00a0\u00bb.vc_custom_1737967007759{margin-bottom: 50px !important;background-image: url(https:\/\/www.mobile-theater.de\/wp-content\/uploads\/2025\/01\/unternehmenstheater_header.jpg?id=43) !important;background-position: center !important;background-repeat: no-repeat !important;background-size: cover !important;}\u00a0\u00bb wpex_bg_position=\u00a0\u00bbtop center\u00a0\u00bb el_class=\u00a0\u00bbheader_image\u00a0\u00bb][vc_column][vc_column_text css=\u00a0\u00bb\u00a0\u00bb text_align=\u00a0\u00bbcenter\u00a0\u00bb color=\u00a0\u00bb#ffffff\u00a0\u00bb]\n<h1>Le th\u00e9\u00e2tre d&rsquo;entreprise Mobil\u00e9 enchante vos objectifs personnels.<\/h1>\n<div class=\"zitat\">\n<h2>Nous rendons les visions viables pour tous vos employ\u00e9s et faisons bouger votre public &#8211; national ou \u00e0 l&rsquo;international.<\/h2>\n<\/div>\n[\/vc_column_text][\/vc_column][\/vc_row][vc_row max_width_custom=\u00a0\u00bb1024px\u00a0\u00bb][vc_column][vc_column_text css=\u00a0\u00bb.vc_custom_1738096313327{padding-bottom: 50px !important;}\u00a0\u00bb text_align=\u00a0\u00bbcenter\u00a0\u00bb]Pleins d&rsquo;\u00e9motions dans les mouvements et d&rsquo;une intelligence qui donne des ailes : D&rsquo;excellents interpr\u00e8tes, une musique remplie d&rsquo;\u00e9motion, un sc\u00e9nario bien ficel\u00e9 et une dramaturgie coh\u00e9rente r\u00e9veillent les \u00e9motions qui font de leur prestation, un succ\u00e8s garanti. Vous souhaitez motiver vos employ\u00e9s? Nous donnons vie aux visions et montrons le chemin vers votre objectif. Vous souhaitez augmenter la croissance cr\u00e9ative? Comme pionniers dans le secteur du th\u00e9\u00e2tre d&rsquo;entreprise, nous donnons des ailes \u00e0 l&rsquo;imagination des membres d&rsquo;\u00e9quipe et aux clients depuis plus de 30 ans &#8211; avec perspicacit\u00e9, charme et beaucoup d&rsquo;humour.<\/p>\n<p>Peu importe si vous voulez motiver durablement, faire passer un message, optimiser vos process ou tout simplement, am\u00e9liorer la communication : ces d\u00e9fis, vous les g\u00e9rez tout simplement avec notre th\u00e9\u00e2tre d&rsquo;affaires, de la gestion ou du changement. Gr\u00e2ce \u00e0 Mobil\u00e9, vous pouvez renforcer le sentiment d&rsquo;appartenance, travailler sur la gestion du changement ou lancer une optimisation du process. Tout \u00e0 fait sur-mesure, nous avons recours \u00e0 des situations, r\u00e9solvons des probl\u00e8mes de communication, suscitons le changement ou pr\u00e9parons \u00e0 une nouvelle culture d&rsquo;entreprise, notamment lorsque vous travaillez \u00e0 l&rsquo;international. La mani\u00e8re d&rsquo;exprimer, de repr\u00e9senter, de faire ainsi que la puissance et la force du son, les mimiques et la gestuelle manifestent vos objectifs. M\u00eames des sujets sensibles peuvent \u00eatre caricatur\u00e9s avec humour en un clin d&rsquo;\u0153il ou dramatiquement sur les planches.<\/p>\n<p>Le th\u00e9\u00e2tre d&rsquo;entreprise Mobil\u00e9 touche \u00e9norm\u00e9ment[\/vc_column_text]<style>.vcex-image-grid.vcex_69e702bd61d00{gap:5px;}<\/style><div class=\"vcex-image-grid-wrap\"><div class=\"vcex-module vcex-image-grid wpex-grid wpex-grid-cols-5 wpex-pp-grid-cols-1 wpex-mb-20 wpex-lightbox-group vcex_69e702bd61d00\" data-show_title=\"false\"><div class=\"id-1087 vcex-image-grid-entry vcex-grid-item wpex-text-center wpex-flex wpex-flex-col wpex-flex-grow\"><figure class=\"vcex-image-grid-entry-figure wpex-last-mb-0 wpex-clr\"><div class=\"vcex-image-grid-entry-img entry-media wpex-relative wpex-mb-20\"><a href=\"https:\/\/www.mobile-theater.de\/wp-content\/uploads\/2025\/01\/bet21022024.jpg\" class=\"vcex-image-grid-entry-link wpex-lightbox-group-item\" data-show_title=\"false\"><img loading=\"lazy\" class=\"wpex-align-middle\" decoding=\"async\" src=\"https:\/\/www.mobile-theater.de\/wp-content\/uploads\/2025\/01\/bet21022024-230x330.jpg\" alt=\"\" width=\"230\" height=\"330\"><\/a><\/div><\/figure><\/div><div class=\"id-1093 vcex-image-grid-entry vcex-grid-item wpex-text-center wpex-flex wpex-flex-col wpex-flex-grow\"><figure class=\"vcex-image-grid-entry-figure wpex-last-mb-0 wpex-clr\"><div class=\"vcex-image-grid-entry-img entry-media wpex-relative wpex-mb-20\"><a href=\"https:\/\/www.mobile-theater.de\/wp-content\/uploads\/2025\/01\/unternehmenstheatergalerie2.jpg\" class=\"vcex-image-grid-entry-link wpex-lightbox-group-item\" data-show_title=\"false\"><img loading=\"lazy\" class=\"wpex-align-middle\" decoding=\"async\" src=\"https:\/\/www.mobile-theater.de\/wp-content\/uploads\/2025\/01\/unternehmenstheatergalerie2-230x330.jpg\" alt=\"\" width=\"230\" height=\"330\"><\/a><\/div><\/figure><\/div><div class=\"id-1107 vcex-image-grid-entry vcex-grid-item wpex-text-center wpex-flex wpex-flex-col wpex-flex-grow\"><figure class=\"vcex-image-grid-entry-figure wpex-last-mb-0 wpex-clr\"><div class=\"vcex-image-grid-entry-img entry-media wpex-relative wpex-mb-20\"><a href=\"https:\/\/www.mobile-theater.de\/wp-content\/uploads\/2025\/01\/walbert1212022024.jpg\" class=\"vcex-image-grid-entry-link wpex-lightbox-group-item\" data-show_title=\"false\"><img loading=\"lazy\" class=\"wpex-align-middle\" decoding=\"async\" src=\"https:\/\/www.mobile-theater.de\/wp-content\/uploads\/2025\/01\/walbert1212022024-230x330.jpg\" alt=\"\" width=\"230\" height=\"330\"><\/a><\/div><\/figure><\/div><div class=\"id-1095 vcex-image-grid-entry vcex-grid-item wpex-text-center wpex-flex wpex-flex-col wpex-flex-grow\"><figure class=\"vcex-image-grid-entry-figure wpex-last-mb-0 wpex-clr\"><div class=\"vcex-image-grid-entry-img entry-media wpex-relative wpex-mb-20\"><a href=\"https:\/\/www.mobile-theater.de\/wp-content\/uploads\/2025\/01\/unternehmenstheatergalerie4.jpg\" class=\"vcex-image-grid-entry-link wpex-lightbox-group-item\" data-show_title=\"false\"><img loading=\"lazy\" class=\"wpex-align-middle\" decoding=\"async\" src=\"https:\/\/www.mobile-theater.de\/wp-content\/uploads\/2025\/01\/unternehmenstheatergalerie4-230x330.jpg\" alt=\"\" width=\"230\" height=\"330\"><\/a><\/div><\/figure><\/div><div class=\"id-1097 vcex-image-grid-entry vcex-grid-item wpex-text-center wpex-flex wpex-flex-col wpex-flex-grow\"><figure class=\"vcex-image-grid-entry-figure wpex-last-mb-0 wpex-clr\"><div class=\"vcex-image-grid-entry-img entry-media wpex-relative wpex-mb-20\"><a href=\"https:\/\/www.mobile-theater.de\/wp-content\/uploads\/2025\/01\/unternehmenstheatergalerie5.jpg\" class=\"vcex-image-grid-entry-link wpex-lightbox-group-item\" data-show_title=\"false\"><img loading=\"lazy\" class=\"wpex-align-middle\" decoding=\"async\" src=\"https:\/\/www.mobile-theater.de\/wp-content\/uploads\/2025\/01\/unternehmenstheatergalerie5-230x330.jpg\" alt=\"\" width=\"230\" height=\"330\"><\/a><\/div><\/figure><\/div><div class=\"id-1099 vcex-image-grid-entry vcex-grid-item wpex-text-center wpex-flex wpex-flex-col wpex-flex-grow\"><figure class=\"vcex-image-grid-entry-figure wpex-last-mb-0 wpex-clr\"><div class=\"vcex-image-grid-entry-img entry-media wpex-relative wpex-mb-20\"><a href=\"https:\/\/www.mobile-theater.de\/wp-content\/uploads\/2025\/01\/unternehmenstheatergalerie6.jpg\" class=\"vcex-image-grid-entry-link wpex-lightbox-group-item\" data-show_title=\"false\"><img loading=\"lazy\" class=\"wpex-align-middle\" decoding=\"async\" src=\"https:\/\/www.mobile-theater.de\/wp-content\/uploads\/2025\/01\/unternehmenstheatergalerie6-230x330.jpg\" alt=\"\" width=\"230\" height=\"330\"><\/a><\/div><\/figure><\/div><div class=\"id-1101 vcex-image-grid-entry vcex-grid-item wpex-text-center wpex-flex wpex-flex-col wpex-flex-grow\"><figure class=\"vcex-image-grid-entry-figure wpex-last-mb-0 wpex-clr\"><div class=\"vcex-image-grid-entry-img entry-media wpex-relative wpex-mb-20\"><a href=\"https:\/\/www.mobile-theater.de\/wp-content\/uploads\/2025\/01\/unternehmenstheatergalerie7.jpg\" class=\"vcex-image-grid-entry-link wpex-lightbox-group-item\" data-show_title=\"false\"><img loading=\"lazy\" class=\"wpex-align-middle\" decoding=\"async\" src=\"https:\/\/www.mobile-theater.de\/wp-content\/uploads\/2025\/01\/unternehmenstheatergalerie7-230x330.jpg\" alt=\"\" width=\"230\" height=\"330\"><\/a><\/div><\/figure><\/div><div class=\"id-1089 vcex-image-grid-entry vcex-grid-item wpex-text-center wpex-flex wpex-flex-col wpex-flex-grow\"><figure class=\"vcex-image-grid-entry-figure wpex-last-mb-0 wpex-clr\"><div class=\"vcex-image-grid-entry-img entry-media wpex-relative wpex-mb-20\"><a href=\"https:\/\/www.mobile-theater.de\/wp-content\/uploads\/2025\/01\/dgb821022024.jpg\" class=\"vcex-image-grid-entry-link wpex-lightbox-group-item\" data-show_title=\"false\"><img loading=\"lazy\" class=\"wpex-align-middle\" decoding=\"async\" src=\"https:\/\/www.mobile-theater.de\/wp-content\/uploads\/2025\/01\/dgb821022024-230x330.jpg\" alt=\"\" width=\"230\" height=\"330\"><\/a><\/div><\/figure><\/div><div class=\"id-1105 vcex-image-grid-entry vcex-grid-item wpex-text-center wpex-flex wpex-flex-col wpex-flex-grow\"><figure class=\"vcex-image-grid-entry-figure wpex-last-mb-0 wpex-clr\"><div class=\"vcex-image-grid-entry-img entry-media wpex-relative wpex-mb-20\"><a href=\"https:\/\/www.mobile-theater.de\/wp-content\/uploads\/2025\/01\/unternehmenstheatergalerie91.jpg\" class=\"vcex-image-grid-entry-link wpex-lightbox-group-item\" data-show_title=\"false\"><img loading=\"lazy\" class=\"wpex-align-middle\" decoding=\"async\" src=\"https:\/\/www.mobile-theater.de\/wp-content\/uploads\/2025\/01\/unternehmenstheatergalerie91-230x330.jpg\" alt=\"\" width=\"230\" height=\"330\"><\/a><\/div><\/figure><\/div><div class=\"id-1103 vcex-image-grid-entry vcex-grid-item wpex-text-center wpex-flex wpex-flex-col wpex-flex-grow\"><figure class=\"vcex-image-grid-entry-figure wpex-last-mb-0 wpex-clr\"><div class=\"vcex-image-grid-entry-img entry-media wpex-relative wpex-mb-20\"><a href=\"https:\/\/www.mobile-theater.de\/wp-content\/uploads\/2025\/01\/unternehmenstheatergalerie10.jpg\" class=\"vcex-image-grid-entry-link wpex-lightbox-group-item\" data-show_title=\"false\"><img loading=\"lazy\" class=\"wpex-align-middle\" decoding=\"async\" src=\"https:\/\/www.mobile-theater.de\/wp-content\/uploads\/2025\/01\/unternehmenstheatergalerie10-230x330.jpg\" alt=\"\" width=\"230\" height=\"330\"><\/a><\/div><\/figure><\/div><\/div><\/div>[\/vc_column][\/vc_row][vc_row full_width=\u00a0\u00bbstretch_row\u00a0\u00bb css=\u00a0\u00bb.vc_custom_1737476182356{padding-top: 50px !important;background-color: #888888 !important;}\u00a0\u00bb][vc_column]<style>.vcex-testimonials-fullslider.vcex_69e702bd68809 .vcex-testimonials-fullslider-entry{color:#ffffff;font-size:38px;font-weight:300;}.vcex-testimonials-fullslider.vcex_69e702bd68809 .vcex-testimonials-fullslider-author{color:#ffffff;font-size:22px;font-weight:300;}<\/style><div class=\"vcex-module vcex-testimonials-fullslider wpex-py-40 light-skin has-controlnav  vcex_69e702bd68809\"><div class=\"wpex-slider slider-pro\" data-fade-arrows=\"false\" data-arrows=\"true\" data-buttons=\"true\" data-loop=\"true\" data-fade=\"true\" data-touch-swipe-desktop=\"false\"><div class=\"wpex-slider-slides sp-slides\"><div class=\"wpex-slider-slide sp-slide entry post-1674 type-testimonials cat-35\"><div class=\"vcex-testimonials-fullslider-inner wpex-text-center\"><div class=\"vcex-testimonials-fullslider-entry wpex-font-light wpex-text-2xl wpex-clr wpex-last-mb-0 entry\"><p>\u00ab [&#8230;] Tout le monde est impressionn\u00e9 par les performances de Mobil\u00e9 et moi aussi ! La troupe a assur\u00e9 une ambiance d&rsquo;enfer sur les sous-traitants, \u00e9tait superbe d&rsquo;un point de vue danse\/acrobatie et a su trouv\u00e9 le ton juste en mati\u00e8re de com\u00e9die. Merci beaucoup pour votre travail. \u00bb<\/p>\n<\/div><div class=\"vcex-testimonials-fullslider-author wpex-mt-20 wpex-mb-5 wpex-text-lg\"><div class=\"vcex-testimonials-fullslider-author-name\">\u2013 Dr. Britta Wurm Comunique f\u00fcr Mundi Pharma \u2013<\/div><\/div><\/div><\/div><div class=\"wpex-slider-slide sp-slide entry post-1676 type-testimonials cat-35\"><div class=\"vcex-testimonials-fullslider-inner wpex-text-center\"><div class=\"vcex-testimonials-fullslider-entry wpex-font-light wpex-text-2xl wpex-clr wpex-last-mb-0 entry\"><p>\u00ab Merci beaucoup pour votre repr\u00e9sentation \u00e0 la fois splendide et particuli\u00e8rement professionnelle. Les sc\u00e8nes auront encore des r\u00e9percussions pendant longtemps. Nos clients sont tous enthousiasm\u00e9s. Et c&rsquo;est ainsi que nous avons rempli notre mission plus qu&rsquo;il n&rsquo;aurait fallu. \u00bb<\/p>\n<\/div><div class=\"vcex-testimonials-fullslider-author wpex-mt-20 wpex-mb-5 wpex-text-lg\"><div class=\"vcex-testimonials-fullslider-author-name\">\u2013 Deutsche Telekom AG \u2013<\/div><\/div><\/div><\/div><div class=\"wpex-slider-slide sp-slide entry post-1678 type-testimonials cat-35\"><div class=\"vcex-testimonials-fullslider-inner wpex-text-center\"><div class=\"vcex-testimonials-fullslider-entry wpex-font-light wpex-text-2xl wpex-clr wpex-last-mb-0 entry\"><p>\u00ab [&#8230;] tout comme le public restant, j&rsquo;\u00e9tais compl\u00e8tement emball\u00e9 par les performances du th\u00e9\u00e2tre Mobil\u00e9. Je ne peux dire qu&rsquo;une chose du fond du c\u0153ur \u00ab Bravissimo !\u00bb Personne ici pr\u00e9sent n&rsquo;oubliera votre repr\u00e9sentation sensationnelle. \u00bb<\/p>\n<\/div><div class=\"vcex-testimonials-fullslider-author wpex-mt-20 wpex-mb-5 wpex-text-lg\"><div class=\"vcex-testimonials-fullslider-author-name\">\u2013 Gabriele Teichmann, anl\u00e4sslich des 225-j\u00e4hrigen Jubil\u00e4ums bei Sal. Oppenheim \u2013<\/div><\/div><\/div><\/div><\/div><\/div><\/div>[\/vc_column][\/vc_row]\n<\/div>","protected":false},"excerpt":{"rendered":"<p>[vc_row full_width=\u00a0\u00bbstretch_row\u00a0\u00bb content_placement=\u00a0\u00bbmiddle\u00a0\u00bb column_spacing=\u00a0\u00bb0px\u00a0\u00bb css=\u00a0\u00bb.vc_custom_1737967007759{margin-bottom: 50px !important;background-image: url(https:\/\/www.mobile-theater.de\/wp-content\/uploads\/2025\/01\/unternehmenstheater_header.jpg?id=43) !important;background-position: center !important;background-repeat: no-repeat !important;background-size: cover !important;}\u00a0\u00bb wpex_bg_position=\u00a0\u00bbtop center\u00a0\u00bb el_class=\u00a0\u00bbheader_image\u00a0\u00bb][vc_column][vc_column_text css=\u00a0\u00bb\u00a0\u00bb text_align=\u00a0\u00bbcenter\u00a0\u00bb color=\u00a0\u00bb#ffffff\u00a0\u00bb] Le th\u00e9\u00e2tre d&rsquo;entreprise Mobil\u00e9 enchante vos objectifs personnels. Nous rendons les visions viables pour tous vos employ\u00e9s et faisons bouger votre public &#8211; national ou \u00e0 l&rsquo;international. [\/vc_column_text][\/vc_column][\/vc_row][vc_row max_width_custom=\u00a0\u00bb1024px\u00a0\u00bb][vc_column][vc_column_text css=\u00a0\u00bb.vc_custom_1738096313327{padding-bottom: 50px !important;}\u00a0\u00bb text_align=\u00a0\u00bbcenter\u00a0\u00bb]Pleins d&rsquo;\u00e9motions&hellip;<\/p>\n","protected":false},"author":1,"featured_media":0,"parent":1430,"menu_order":2,"comment_status":"closed","ping_status":"closed","template":"","meta":{"_acf_changed":false,"footnotes":""},"class_list":["post-1528","page","type-page","status-publish","hentry","entry","no-media"],"acf":[],"yoast_head":"<!-- This site is optimized with the Yoast SEO plugin v27.4 - https:\/\/yoast.com\/product\/yoast-seo-wordpress\/ -->\n<title>Th\u00e9\u00e2tre d&#039;entreprise - die Mobil\u00e9s<\/title>\n<meta name=\"robots\" content=\"index, follow, max-snippet:-1, max-image-preview:large, max-video-preview:-1\" \/>\n<link rel=\"canonical\" href=\"https:\/\/www.mobile-theater.de\/fr\/des-spectacles-sur-mesure\/theatre-dentreprise\/\" \/>\n<meta property=\"og:locale\" content=\"fr_FR\" \/>\n<meta property=\"og:type\" content=\"article\" \/>\n<meta property=\"og:title\" content=\"Th\u00e9\u00e2tre d&#039;entreprise - die Mobil\u00e9s\" \/>\n<meta property=\"og:description\" content=\"[vc_row full_width=\u00a0\u00bbstretch_row\u00a0\u00bb content_placement=\u00a0\u00bbmiddle\u00a0\u00bb column_spacing=\u00a0\u00bb0px\u00a0\u00bb css=\u00a0\u00bb.vc_custom_1737967007759{margin-bottom: 50px !important;background-image: url(https:\/\/www.mobile-theater.de\/wp-content\/uploads\/2025\/01\/unternehmenstheater_header.jpg?id=43) !important;background-position: center !important;background-repeat: no-repeat !important;background-size: cover !important;}\u00a0\u00bb wpex_bg_position=\u00a0\u00bbtop center\u00a0\u00bb el_class=\u00a0\u00bbheader_image\u00a0\u00bb][vc_column][vc_column_text css=\u00a0\u00bb\u00a0\u00bb text_align=\u00a0\u00bbcenter\u00a0\u00bb color=\u00a0\u00bb#ffffff\u00a0\u00bb] Le th\u00e9\u00e2tre d&rsquo;entreprise Mobil\u00e9 enchante vos objectifs personnels. Nous rendons les visions viables pour tous vos employ\u00e9s et faisons bouger votre public &#8211; national ou \u00e0 l&rsquo;international. [\/vc_column_text][\/vc_column][\/vc_row][vc_row max_width_custom=\u00a0\u00bb1024px\u00a0\u00bb][vc_column][vc_column_text css=\u00a0\u00bb.vc_custom_1738096313327{padding-bottom: 50px !important;}\u00a0\u00bb text_align=\u00a0\u00bbcenter\u00a0\u00bb]Pleins d&rsquo;\u00e9motions&hellip;\" \/>\n<meta property=\"og:url\" content=\"https:\/\/www.mobile-theater.de\/fr\/des-spectacles-sur-mesure\/theatre-dentreprise\/\" \/>\n<meta property=\"og:site_name\" content=\"die Mobil\u00e9s\" \/>\n<meta property=\"article:modified_time\" content=\"2025-01-28T20:32:06+00:00\" \/>\n<meta name=\"twitter:card\" content=\"summary_large_image\" \/>\n<meta name=\"twitter:label1\" content=\"Dur\u00e9e de lecture estim\u00e9e\" \/>\n\t<meta name=\"twitter:data1\" content=\"4 minutes\" \/>\n<script type=\"application\/ld+json\" class=\"yoast-schema-graph\">{\"@context\":\"https:\\\/\\\/schema.org\",\"@graph\":[{\"@type\":\"WebPage\",\"@id\":\"https:\\\/\\\/www.mobile-theater.de\\\/fr\\\/des-spectacles-sur-mesure\\\/theatre-dentreprise\\\/\",\"url\":\"https:\\\/\\\/www.mobile-theater.de\\\/fr\\\/des-spectacles-sur-mesure\\\/theatre-dentreprise\\\/\",\"name\":\"Th\u00e9\u00e2tre d'entreprise - die Mobil\u00e9s\",\"isPartOf\":{\"@id\":\"https:\\\/\\\/www.mobile-theater.de\\\/fr\\\/#website\"},\"datePublished\":\"2025-01-21T16:21:09+00:00\",\"dateModified\":\"2025-01-28T20:32:06+00:00\",\"breadcrumb\":{\"@id\":\"https:\\\/\\\/www.mobile-theater.de\\\/fr\\\/des-spectacles-sur-mesure\\\/theatre-dentreprise\\\/#breadcrumb\"},\"inLanguage\":\"fr-FR\",\"potentialAction\":[{\"@type\":\"ReadAction\",\"target\":[\"https:\\\/\\\/www.mobile-theater.de\\\/fr\\\/des-spectacles-sur-mesure\\\/theatre-dentreprise\\\/\"]}]},{\"@type\":\"BreadcrumbList\",\"@id\":\"https:\\\/\\\/www.mobile-theater.de\\\/fr\\\/des-spectacles-sur-mesure\\\/theatre-dentreprise\\\/#breadcrumb\",\"itemListElement\":[{\"@type\":\"ListItem\",\"position\":1,\"name\":\"Startseite\",\"item\":\"https:\\\/\\\/www.mobile-theater.de\\\/fr\\\/\"},{\"@type\":\"ListItem\",\"position\":2,\"name\":\"Des spectacles sur mesure\",\"item\":\"https:\\\/\\\/www.mobile-theater.de\\\/fr\\\/des-spectacles-sur-mesure\\\/\"},{\"@type\":\"ListItem\",\"position\":3,\"name\":\"Th\u00e9\u00e2tre d&#8217;entreprise\"}]},{\"@type\":\"WebSite\",\"@id\":\"https:\\\/\\\/www.mobile-theater.de\\\/fr\\\/#website\",\"url\":\"https:\\\/\\\/www.mobile-theater.de\\\/fr\\\/\",\"name\":\"die Mobil\u00e9s\",\"description\":\"\",\"publisher\":{\"@id\":\"https:\\\/\\\/www.mobile-theater.de\\\/fr\\\/#organization\"},\"potentialAction\":[{\"@type\":\"SearchAction\",\"target\":{\"@type\":\"EntryPoint\",\"urlTemplate\":\"https:\\\/\\\/www.mobile-theater.de\\\/fr\\\/?s={search_term_string}\"},\"query-input\":{\"@type\":\"PropertyValueSpecification\",\"valueRequired\":true,\"valueName\":\"search_term_string\"}}],\"inLanguage\":\"fr-FR\"},{\"@type\":\"Organization\",\"@id\":\"https:\\\/\\\/www.mobile-theater.de\\\/fr\\\/#organization\",\"name\":\"die Mobil\u00e9s\",\"url\":\"https:\\\/\\\/www.mobile-theater.de\\\/fr\\\/\",\"logo\":{\"@type\":\"ImageObject\",\"inLanguage\":\"fr-FR\",\"@id\":\"https:\\\/\\\/www.mobile-theater.de\\\/fr\\\/#\\\/schema\\\/logo\\\/image\\\/\",\"url\":\"https:\\\/\\\/www.mobile-theater.de\\\/wp-content\\\/uploads\\\/2025\\\/01\\\/logo_diemobiles.svg\",\"contentUrl\":\"https:\\\/\\\/www.mobile-theater.de\\\/wp-content\\\/uploads\\\/2025\\\/01\\\/logo_diemobiles.svg\",\"caption\":\"die Mobil\u00e9s\"},\"image\":{\"@id\":\"https:\\\/\\\/www.mobile-theater.de\\\/fr\\\/#\\\/schema\\\/logo\\\/image\\\/\"}}]}<\/script>\n<!-- \/ Yoast SEO plugin. -->","yoast_head_json":{"title":"Th\u00e9\u00e2tre d'entreprise - die Mobil\u00e9s","robots":{"index":"index","follow":"follow","max-snippet":"max-snippet:-1","max-image-preview":"max-image-preview:large","max-video-preview":"max-video-preview:-1"},"canonical":"https:\/\/www.mobile-theater.de\/fr\/des-spectacles-sur-mesure\/theatre-dentreprise\/","og_locale":"fr_FR","og_type":"article","og_title":"Th\u00e9\u00e2tre d'entreprise - die Mobil\u00e9s","og_description":"[vc_row full_width=\u00a0\u00bbstretch_row\u00a0\u00bb content_placement=\u00a0\u00bbmiddle\u00a0\u00bb column_spacing=\u00a0\u00bb0px\u00a0\u00bb css=\u00a0\u00bb.vc_custom_1737967007759{margin-bottom: 50px !important;background-image: url(https:\/\/www.mobile-theater.de\/wp-content\/uploads\/2025\/01\/unternehmenstheater_header.jpg?id=43) !important;background-position: center !important;background-repeat: no-repeat !important;background-size: cover !important;}\u00a0\u00bb wpex_bg_position=\u00a0\u00bbtop center\u00a0\u00bb el_class=\u00a0\u00bbheader_image\u00a0\u00bb][vc_column][vc_column_text css=\u00a0\u00bb\u00a0\u00bb text_align=\u00a0\u00bbcenter\u00a0\u00bb color=\u00a0\u00bb#ffffff\u00a0\u00bb] Le th\u00e9\u00e2tre d&rsquo;entreprise Mobil\u00e9 enchante vos objectifs personnels. Nous rendons les visions viables pour tous vos employ\u00e9s et faisons bouger votre public &#8211; national ou \u00e0 l&rsquo;international. [\/vc_column_text][\/vc_column][\/vc_row][vc_row max_width_custom=\u00a0\u00bb1024px\u00a0\u00bb][vc_column][vc_column_text css=\u00a0\u00bb.vc_custom_1738096313327{padding-bottom: 50px !important;}\u00a0\u00bb text_align=\u00a0\u00bbcenter\u00a0\u00bb]Pleins d&rsquo;\u00e9motions&hellip;","og_url":"https:\/\/www.mobile-theater.de\/fr\/des-spectacles-sur-mesure\/theatre-dentreprise\/","og_site_name":"die Mobil\u00e9s","article_modified_time":"2025-01-28T20:32:06+00:00","twitter_card":"summary_large_image","twitter_misc":{"Dur\u00e9e de lecture estim\u00e9e":"4 minutes"},"schema":{"@context":"https:\/\/schema.org","@graph":[{"@type":"WebPage","@id":"https:\/\/www.mobile-theater.de\/fr\/des-spectacles-sur-mesure\/theatre-dentreprise\/","url":"https:\/\/www.mobile-theater.de\/fr\/des-spectacles-sur-mesure\/theatre-dentreprise\/","name":"Th\u00e9\u00e2tre d'entreprise - die Mobil\u00e9s","isPartOf":{"@id":"https:\/\/www.mobile-theater.de\/fr\/#website"},"datePublished":"2025-01-21T16:21:09+00:00","dateModified":"2025-01-28T20:32:06+00:00","breadcrumb":{"@id":"https:\/\/www.mobile-theater.de\/fr\/des-spectacles-sur-mesure\/theatre-dentreprise\/#breadcrumb"},"inLanguage":"fr-FR","potentialAction":[{"@type":"ReadAction","target":["https:\/\/www.mobile-theater.de\/fr\/des-spectacles-sur-mesure\/theatre-dentreprise\/"]}]},{"@type":"BreadcrumbList","@id":"https:\/\/www.mobile-theater.de\/fr\/des-spectacles-sur-mesure\/theatre-dentreprise\/#breadcrumb","itemListElement":[{"@type":"ListItem","position":1,"name":"Startseite","item":"https:\/\/www.mobile-theater.de\/fr\/"},{"@type":"ListItem","position":2,"name":"Des spectacles sur mesure","item":"https:\/\/www.mobile-theater.de\/fr\/des-spectacles-sur-mesure\/"},{"@type":"ListItem","position":3,"name":"Th\u00e9\u00e2tre d&#8217;entreprise"}]},{"@type":"WebSite","@id":"https:\/\/www.mobile-theater.de\/fr\/#website","url":"https:\/\/www.mobile-theater.de\/fr\/","name":"die Mobil\u00e9s","description":"","publisher":{"@id":"https:\/\/www.mobile-theater.de\/fr\/#organization"},"potentialAction":[{"@type":"SearchAction","target":{"@type":"EntryPoint","urlTemplate":"https:\/\/www.mobile-theater.de\/fr\/?s={search_term_string}"},"query-input":{"@type":"PropertyValueSpecification","valueRequired":true,"valueName":"search_term_string"}}],"inLanguage":"fr-FR"},{"@type":"Organization","@id":"https:\/\/www.mobile-theater.de\/fr\/#organization","name":"die Mobil\u00e9s","url":"https:\/\/www.mobile-theater.de\/fr\/","logo":{"@type":"ImageObject","inLanguage":"fr-FR","@id":"https:\/\/www.mobile-theater.de\/fr\/#\/schema\/logo\/image\/","url":"https:\/\/www.mobile-theater.de\/wp-content\/uploads\/2025\/01\/logo_diemobiles.svg","contentUrl":"https:\/\/www.mobile-theater.de\/wp-content\/uploads\/2025\/01\/logo_diemobiles.svg","caption":"die Mobil\u00e9s"},"image":{"@id":"https:\/\/www.mobile-theater.de\/fr\/#\/schema\/logo\/image\/"}}]}},"_links":{"self":[{"href":"https:\/\/www.mobile-theater.de\/fr\/wp-json\/wp\/v2\/pages\/1528","targetHints":{"allow":["GET"]}}],"collection":[{"href":"https:\/\/www.mobile-theater.de\/fr\/wp-json\/wp\/v2\/pages"}],"about":[{"href":"https:\/\/www.mobile-theater.de\/fr\/wp-json\/wp\/v2\/types\/page"}],"author":[{"embeddable":true,"href":"https:\/\/www.mobile-theater.de\/fr\/wp-json\/wp\/v2\/users\/1"}],"replies":[{"embeddable":true,"href":"https:\/\/www.mobile-theater.de\/fr\/wp-json\/wp\/v2\/comments?post=1528"}],"version-history":[{"count":2,"href":"https:\/\/www.mobile-theater.de\/fr\/wp-json\/wp\/v2\/pages\/1528\/revisions"}],"predecessor-version":[{"id":1530,"href":"https:\/\/www.mobile-theater.de\/fr\/wp-json\/wp\/v2\/pages\/1528\/revisions\/1530"}],"up":[{"embeddable":true,"href":"https:\/\/www.mobile-theater.de\/fr\/wp-json\/wp\/v2\/pages\/1430"}],"wp:attachment":[{"href":"https:\/\/www.mobile-theater.de\/fr\/wp-json\/wp\/v2\/media?parent=1528"}],"curies":[{"name":"wp","href":"https:\/\/api.w.org\/{rel}","templated":true}]}}