{"id":1484,"date":"2025-01-23T10:12:24","date_gmt":"2025-01-23T09:12:24","guid":{"rendered":"https:\/\/www.mobile-theater.de\/moving-shadows\/on-fire\/"},"modified":"2025-07-28T10:17:16","modified_gmt":"2025-07-28T08:17:16","slug":"on-fire","status":"publish","type":"page","link":"https:\/\/www.mobile-theater.de\/fr\/moving-shadows\/on-fire\/","title":{"rendered":"On Fire"},"content":{"rendered":"<div class=\"wpb-content-wrapper\">[vc_row full_width=\u00a0\u00bbstretch_row\u00a0\u00bb content_placement=\u00a0\u00bbmiddle\u00a0\u00bb column_spacing=\u00a0\u00bb0px\u00a0\u00bb css=\u00a0\u00bb.vc_custom_1742905673466{margin-bottom: 50px !important;background-image: url(https:\/\/www.mobile-theater.de\/wp-content\/uploads\/2025\/03\/Movng-Shadows_On_Fire.jpg?id=2124) !important;background-position: center !important;background-repeat: no-repeat !important;background-size: cover !important;}\u00a0\u00bb wpex_bg_position=\u00a0\u00bbtop center\u00a0\u00bb el_class=\u00a0\u00bbheader_image\u00a0\u00bb][vc_column][\/vc_column][\/vc_row][vc_row max_width_custom=\u00a0\u00bb1024px\u00a0\u00bb][vc_column][vc_column_text css=\u00a0\u00bb.vc_custom_1742976341281{padding-bottom: 50px !important;}\u00a0\u00bb text_align=\u00a0\u00bbcenter\u00a0\u00bb]\n<div class=\"lauftext\">\n<h3>Moving Shadows pr\u00e9sente: \u00ab\u00a0On Fire\u00a0\u00bb<\/h3>\n<p><strong>Un th\u00e9\u00e2tre d&rsquo;ombres qui fait de l&rsquo;ombre \u00e0 tout le reste &#8211; Brand New Show !!!<\/strong><\/p>\n<p>Avec leur tout nouveau spectacle, les Moving Shadows, acclam\u00e9s dans le monde entier, sont de retour et <strong>posent de nouveaux jalons dans l&rsquo;art du th\u00e9\u00e2tre d&rsquo;ombres. \u00ab\u00a0On Fire\u00a0\u00bb<\/strong>. Sous la direction de Stefan S\u00fcdkamp et Michaela K\u00f6hler Schaer, vous assisterez \u00e0 un spectacle dont le dynamisme et la cr\u00e9ativit\u00e9 sont uniques au monde.<\/p>\n<p><strong>Avec \u00ab\u00a0On Fire\u00a0\u00bb, d\u00e9couvrez un tout nouveau monde de magie et de mouvement ! <\/strong>Les danseurs de l&rsquo;ombre vous emm\u00e8nent dans un voyage aventureux et pr\u00e9sentent un spectacle \u00e9poustouflant o\u00f9 la lumi\u00e8re, l&rsquo;ombre et le mouvement se fondent dans une harmonie captivante. L&rsquo;\u00e9cran devient un terrain de jeu vibrant d&rsquo;imagination, o\u00f9 des chor\u00e9graphies dynamiques et des images fascinantes touchent tous vos sens. Laissez-vous envo\u00fbter par un m\u00e9lange musical enivrant et une po\u00e9sie lumineuse visuelle &#8211; chaque instant est plein de surprises, chaque moment est une exp\u00e9rience inoubliable !<\/p>\n<p>D\u00e9couvrez le \u00ab\u00a0World&rsquo;s Best Shadowshow\u00a0\u00bb &#8211; fascinant, dynamique et incomparable ! L&rsquo;imagination s&rsquo;enflamme, la passion br\u00fble.<\/p>\n<p><strong>Les Moving Shadows sont ON FIRE !<\/strong><\/p>\n<p><strong class=\"blau\">Mise en sc\u00e8ne et chor\u00e9graphie:<\/strong> Stefan S\u00fcdkamp et Michaela K\u00f6hler-Schaer<\/p>\n<\/div>\n[\/vc_column_text][vc_row_inner][vc_column_inner width=\u00a0\u00bb1\/2&Prime;][vc_column_text css=\u00a0\u00bb\u00a0\u00bb text_align=\u00a0\u00bbcenter\u00a0\u00bb]<strong class=\"blau\">Event Booking<\/strong><\/p>\n<p><span class=\"blau\">Die Mobil\u00e9s<\/span><br \/>\nHammerschmidtstr. 172<br \/>\n50999 K\u00f6ln<\/p>\n<p>Stefan S\u00fcdkamp: <a href=\"tel:+49015774745682\">01577\/47 45 682<\/a><br \/>\nMichaela K\u00f6hler-Schaer: <a href=\"tel:+4901778120110\">0177\/81 20 110<\/a><br \/>\n<a href=\"mailto:info@mobile-theater.de\">info@mobile-theater.de<\/a>[\/vc_column_text][\/vc_column_inner][vc_column_inner width=\u00a0\u00bb1\/2&Prime; css=\u00a0\u00bb.vc_custom_1737622933421{border-left-width: 1px !important;border-left-style: solid !important;border-color: #888888 !important;}\u00a0\u00bb][vc_column_text css=\u00a0\u00bb\u00a0\u00bb text_align=\u00a0\u00bbcenter\u00a0\u00bb]<strong class=\"blau\">Theater Booking<br \/>\n<\/strong><br \/>\n<span class=\"blau\">Magnetic Music<\/span><br \/>\nBurkhardt + Weber-Str. 69\/1<br \/>\n72760 Reutlingen<\/p>\n<p>Tel.: <a href=\"tel:+4907121478605\">07121\/478605<br \/>\nFax: 07121\/478606<br \/>\n<\/a><a href=\"mailto:info@magnetic-music.com\">info@magnetic-music.com<\/a>[\/vc_column_text][\/vc_column_inner][\/vc_row_inner][vc_column_text css=\u00a0\u00bb.vc_custom_1737622504662{padding-bottom: 50px !important;}\u00a0\u00bb text_align=\u00a0\u00bbcenter\u00a0\u00bb]\n<p><img loading=\"lazy\" decoding=\"async\" class=\"alignnone size-full wp-image-243\" src=\"https:\/\/www.mobile-theater.de\/wp-content\/uploads\/2025\/01\/pokal.png\" alt=\"\" width=\"100\" height=\"101\" \/><\/p>\n<p><strong>Sieger \u201eSupertalent\u201c in Frankreich<\/strong><\/p>\n<p><strong>Kreativit\u00e4tspreis beim weltgr\u00f6\u00dften Comedyfestival in Montreal<\/strong><\/p>\n<p><strong>Publikumspreis in Montreal bei \u201eJuste pour rire\u201c<\/strong>[\/vc_column_text]<style>.vcex-image-grid.vcex_69e7360ca6a13{gap:5px;}<\/style><div class=\"vcex-image-grid-wrap\"><div class=\"vcex-module vcex-image-grid wpex-grid wpex-grid-cols-5 wpex-pp-grid-cols-1 wpex-mb-20 wpex-lightbox-group vcex_69e7360ca6a13\" data-show_title=\"false\"><div class=\"id-1836 vcex-image-grid-entry vcex-grid-item wpex-text-center wpex-flex wpex-flex-col wpex-flex-grow\"><figure class=\"vcex-image-grid-entry-figure wpex-last-mb-0 wpex-clr\"><div class=\"vcex-image-grid-entry-img entry-media wpex-relative wpex-mb-20\"><a href=\"https:\/\/www.mobile-theater.de\/wp-content\/uploads\/2025\/02\/OnFire-Drache.jpg\" class=\"vcex-image-grid-entry-link wpex-lightbox-group-item\" data-show_title=\"false\"><img loading=\"lazy\" class=\"wpex-align-middle\" decoding=\"async\" src=\"https:\/\/www.mobile-theater.de\/wp-content\/uploads\/2025\/02\/OnFire-Drache-230x330.jpg\" alt=\"\" width=\"230\" height=\"330\"><\/a><\/div><\/figure><\/div><div class=\"id-1818 vcex-image-grid-entry vcex-grid-item wpex-text-center wpex-flex wpex-flex-col wpex-flex-grow\"><figure class=\"vcex-image-grid-entry-figure wpex-last-mb-0 wpex-clr\"><div class=\"vcex-image-grid-entry-img entry-media wpex-relative wpex-mb-20\"><a href=\"https:\/\/www.mobile-theater.de\/wp-content\/uploads\/2025\/02\/OnFire-Adler.jpg\" class=\"vcex-image-grid-entry-link wpex-lightbox-group-item\" data-show_title=\"false\"><img loading=\"lazy\" class=\"wpex-align-middle\" decoding=\"async\" src=\"https:\/\/www.mobile-theater.de\/wp-content\/uploads\/2025\/02\/OnFire-Adler-230x330.jpg\" alt=\"\" width=\"230\" height=\"330\"><\/a><\/div><\/figure><\/div><div class=\"id-1824 vcex-image-grid-entry vcex-grid-item wpex-text-center wpex-flex wpex-flex-col wpex-flex-grow\"><figure class=\"vcex-image-grid-entry-figure wpex-last-mb-0 wpex-clr\"><div class=\"vcex-image-grid-entry-img entry-media wpex-relative wpex-mb-20\"><a href=\"https:\/\/www.mobile-theater.de\/wp-content\/uploads\/2025\/02\/OnFire-Geier.jpg\" class=\"vcex-image-grid-entry-link wpex-lightbox-group-item\" data-show_title=\"false\"><img loading=\"lazy\" class=\"wpex-align-middle\" decoding=\"async\" src=\"https:\/\/www.mobile-theater.de\/wp-content\/uploads\/2025\/02\/OnFire-Geier-230x330.jpg\" alt=\"\" width=\"230\" height=\"330\"><\/a><\/div><\/figure><\/div><div class=\"id-1827 vcex-image-grid-entry vcex-grid-item wpex-text-center wpex-flex wpex-flex-col wpex-flex-grow\"><figure class=\"vcex-image-grid-entry-figure wpex-last-mb-0 wpex-clr\"><div class=\"vcex-image-grid-entry-img entry-media wpex-relative wpex-mb-20\"><a href=\"https:\/\/www.mobile-theater.de\/wp-content\/uploads\/2025\/02\/OnFire-Backstage-Stadt.jpg\" class=\"vcex-image-grid-entry-link wpex-lightbox-group-item\" data-show_title=\"false\"><img loading=\"lazy\" class=\"wpex-align-middle\" decoding=\"async\" src=\"https:\/\/www.mobile-theater.de\/wp-content\/uploads\/2025\/02\/OnFire-Backstage-Stadt-230x330.jpg\" alt=\"\" width=\"230\" height=\"330\"><\/a><\/div><\/figure><\/div><div class=\"id-1821 vcex-image-grid-entry vcex-grid-item wpex-text-center wpex-flex wpex-flex-col wpex-flex-grow\"><figure class=\"vcex-image-grid-entry-figure wpex-last-mb-0 wpex-clr\"><div class=\"vcex-image-grid-entry-img entry-media wpex-relative wpex-mb-20\"><a href=\"https:\/\/www.mobile-theater.de\/wp-content\/uploads\/2025\/02\/OnFire-Trump.jpg\" class=\"vcex-image-grid-entry-link wpex-lightbox-group-item\" data-show_title=\"false\"><img loading=\"lazy\" class=\"wpex-align-middle\" decoding=\"async\" src=\"https:\/\/www.mobile-theater.de\/wp-content\/uploads\/2025\/02\/OnFire-Trump-230x330.jpg\" alt=\"\" width=\"230\" height=\"330\"><\/a><\/div><\/figure><\/div><div class=\"id-1833 vcex-image-grid-entry vcex-grid-item wpex-text-center wpex-flex wpex-flex-col wpex-flex-grow\"><figure class=\"vcex-image-grid-entry-figure wpex-last-mb-0 wpex-clr\"><div class=\"vcex-image-grid-entry-img entry-media wpex-relative wpex-mb-20\"><a href=\"https:\/\/www.mobile-theater.de\/wp-content\/uploads\/2025\/02\/OnFire-Motorrad.jpg\" class=\"vcex-image-grid-entry-link wpex-lightbox-group-item\" data-show_title=\"false\"><img loading=\"lazy\" class=\"wpex-align-middle\" decoding=\"async\" src=\"https:\/\/www.mobile-theater.de\/wp-content\/uploads\/2025\/02\/OnFire-Motorrad-230x330.jpg\" alt=\"\" width=\"230\" height=\"330\"><\/a><\/div><\/figure><\/div><div class=\"id-1830 vcex-image-grid-entry vcex-grid-item wpex-text-center wpex-flex wpex-flex-col wpex-flex-grow\"><figure class=\"vcex-image-grid-entry-figure wpex-last-mb-0 wpex-clr\"><div class=\"vcex-image-grid-entry-img entry-media wpex-relative wpex-mb-20\"><a href=\"https:\/\/www.mobile-theater.de\/wp-content\/uploads\/2025\/02\/OnFire-Wort.jpg\" class=\"vcex-image-grid-entry-link wpex-lightbox-group-item\" data-show_title=\"false\"><img loading=\"lazy\" class=\"wpex-align-middle\" decoding=\"async\" src=\"https:\/\/www.mobile-theater.de\/wp-content\/uploads\/2025\/02\/OnFire-Wort-230x330.jpg\" alt=\"\" width=\"230\" height=\"330\"><\/a><\/div><\/figure><\/div><div class=\"id-1806 vcex-image-grid-entry vcex-grid-item wpex-text-center wpex-flex wpex-flex-col wpex-flex-grow\"><figure class=\"vcex-image-grid-entry-figure wpex-last-mb-0 wpex-clr\"><div class=\"vcex-image-grid-entry-img entry-media wpex-relative wpex-mb-20\"><a href=\"https:\/\/www.mobile-theater.de\/wp-content\/uploads\/2025\/02\/On-Fire-intro.jpg\" class=\"vcex-image-grid-entry-link wpex-lightbox-group-item\" data-show_title=\"false\"><img loading=\"lazy\" class=\"wpex-align-middle\" decoding=\"async\" src=\"https:\/\/www.mobile-theater.de\/wp-content\/uploads\/2025\/02\/On-Fire-intro-230x330.jpg\" alt=\"\" width=\"230\" height=\"330\"><\/a><\/div><\/figure><\/div><div class=\"id-1809 vcex-image-grid-entry vcex-grid-item wpex-text-center wpex-flex wpex-flex-col wpex-flex-grow\"><figure class=\"vcex-image-grid-entry-figure wpex-last-mb-0 wpex-clr\"><div class=\"vcex-image-grid-entry-img entry-media wpex-relative wpex-mb-20\"><a href=\"https:\/\/www.mobile-theater.de\/wp-content\/uploads\/2025\/02\/On-Fire-Loewe.jpg\" class=\"vcex-image-grid-entry-link wpex-lightbox-group-item\" data-show_title=\"false\"><img loading=\"lazy\" class=\"wpex-align-middle\" decoding=\"async\" src=\"https:\/\/www.mobile-theater.de\/wp-content\/uploads\/2025\/02\/On-Fire-Loewe-230x330.jpg\" alt=\"\" width=\"230\" height=\"330\"><\/a><\/div><\/figure><\/div><div class=\"id-1803 vcex-image-grid-entry vcex-grid-item wpex-text-center wpex-flex wpex-flex-col wpex-flex-grow\"><figure class=\"vcex-image-grid-entry-figure wpex-last-mb-0 wpex-clr\"><div class=\"vcex-image-grid-entry-img entry-media wpex-relative wpex-mb-20\"><a href=\"https:\/\/www.mobile-theater.de\/wp-content\/uploads\/2025\/02\/On-Fire-Eisbaer.jpg\" class=\"vcex-image-grid-entry-link wpex-lightbox-group-item\" data-show_title=\"false\"><img loading=\"lazy\" class=\"wpex-align-middle\" decoding=\"async\" src=\"https:\/\/www.mobile-theater.de\/wp-content\/uploads\/2025\/02\/On-Fire-Eisbaer-230x330.jpg\" alt=\"\" width=\"230\" height=\"330\"><\/a><\/div><\/figure><\/div><\/div><\/div>[\/vc_column][\/vc_row]\n<\/div>","protected":false},"excerpt":{"rendered":"<p>[vc_row full_width=\u00a0\u00bbstretch_row\u00a0\u00bb content_placement=\u00a0\u00bbmiddle\u00a0\u00bb column_spacing=\u00a0\u00bb0px\u00a0\u00bb css=\u00a0\u00bb.vc_custom_1742905673466{margin-bottom: 50px !important;background-image: url(https:\/\/www.mobile-theater.de\/wp-content\/uploads\/2025\/03\/Movng-Shadows_On_Fire.jpg?id=2124) !important;background-position: center !important;background-repeat: no-repeat !important;background-size: cover !important;}\u00a0\u00bb wpex_bg_position=\u00a0\u00bbtop center\u00a0\u00bb el_class=\u00a0\u00bbheader_image\u00a0\u00bb][vc_column][\/vc_column][\/vc_row][vc_row max_width_custom=\u00a0\u00bb1024px\u00a0\u00bb][vc_column][vc_column_text css=\u00a0\u00bb.vc_custom_1742976341281{padding-bottom: 50px !important;}\u00a0\u00bb text_align=\u00a0\u00bbcenter\u00a0\u00bb] Moving Shadows pr\u00e9sente: \u00ab\u00a0On Fire\u00a0\u00bb Un th\u00e9\u00e2tre d&rsquo;ombres qui fait de l&rsquo;ombre \u00e0 tout le reste &#8211; Brand New Show !!! Avec leur tout nouveau spectacle, les Moving Shadows, acclam\u00e9s dans le&hellip;<\/p>\n","protected":false},"author":1,"featured_media":0,"parent":1423,"menu_order":3,"comment_status":"closed","ping_status":"closed","template":"","meta":{"_acf_changed":false,"footnotes":""},"class_list":["post-1484","page","type-page","status-publish","hentry","entry","no-media"],"acf":[],"yoast_head":"<!-- This site is optimized with the Yoast SEO plugin v27.4 - https:\/\/yoast.com\/product\/yoast-seo-wordpress\/ -->\n<title>On Fire - die Mobil\u00e9s<\/title>\n<meta name=\"robots\" content=\"index, follow, max-snippet:-1, max-image-preview:large, max-video-preview:-1\" \/>\n<link rel=\"canonical\" href=\"https:\/\/www.mobile-theater.de\/fr\/moving-shadows\/on-fire\/\" \/>\n<meta property=\"og:locale\" content=\"fr_FR\" \/>\n<meta property=\"og:type\" content=\"article\" \/>\n<meta property=\"og:title\" content=\"On Fire - die Mobil\u00e9s\" \/>\n<meta property=\"og:description\" content=\"[vc_row full_width=\u00a0\u00bbstretch_row\u00a0\u00bb content_placement=\u00a0\u00bbmiddle\u00a0\u00bb column_spacing=\u00a0\u00bb0px\u00a0\u00bb css=\u00a0\u00bb.vc_custom_1742905673466{margin-bottom: 50px !important;background-image: url(https:\/\/www.mobile-theater.de\/wp-content\/uploads\/2025\/03\/Movng-Shadows_On_Fire.jpg?id=2124) !important;background-position: center !important;background-repeat: no-repeat !important;background-size: cover !important;}\u00a0\u00bb wpex_bg_position=\u00a0\u00bbtop center\u00a0\u00bb el_class=\u00a0\u00bbheader_image\u00a0\u00bb][vc_column][\/vc_column][\/vc_row][vc_row max_width_custom=\u00a0\u00bb1024px\u00a0\u00bb][vc_column][vc_column_text css=\u00a0\u00bb.vc_custom_1742976341281{padding-bottom: 50px !important;}\u00a0\u00bb text_align=\u00a0\u00bbcenter\u00a0\u00bb] Moving Shadows pr\u00e9sente: \u00ab\u00a0On Fire\u00a0\u00bb Un th\u00e9\u00e2tre d&rsquo;ombres qui fait de l&rsquo;ombre \u00e0 tout le reste &#8211; Brand New Show !!! Avec leur tout nouveau spectacle, les Moving Shadows, acclam\u00e9s dans le&hellip;\" \/>\n<meta property=\"og:url\" content=\"https:\/\/www.mobile-theater.de\/fr\/moving-shadows\/on-fire\/\" \/>\n<meta property=\"og:site_name\" content=\"die Mobil\u00e9s\" \/>\n<meta property=\"article:modified_time\" content=\"2025-07-28T08:17:16+00:00\" \/>\n<meta property=\"og:image\" content=\"https:\/\/www.mobile-theater.de\/wp-content\/uploads\/2025\/01\/pokal.png\" \/>\n\t<meta property=\"og:image:width\" content=\"100\" \/>\n\t<meta property=\"og:image:height\" content=\"101\" \/>\n\t<meta property=\"og:image:type\" content=\"image\/png\" \/>\n<meta name=\"twitter:card\" content=\"summary_large_image\" \/>\n<meta name=\"twitter:label1\" content=\"Dur\u00e9e de lecture estim\u00e9e\" \/>\n\t<meta name=\"twitter:data1\" content=\"4 minutes\" \/>\n<script type=\"application\/ld+json\" class=\"yoast-schema-graph\">{\"@context\":\"https:\\\/\\\/schema.org\",\"@graph\":[{\"@type\":\"WebPage\",\"@id\":\"https:\\\/\\\/www.mobile-theater.de\\\/fr\\\/moving-shadows\\\/on-fire\\\/\",\"url\":\"https:\\\/\\\/www.mobile-theater.de\\\/fr\\\/moving-shadows\\\/on-fire\\\/\",\"name\":\"On Fire - die Mobil\u00e9s\",\"isPartOf\":{\"@id\":\"https:\\\/\\\/www.mobile-theater.de\\\/fr\\\/#website\"},\"primaryImageOfPage\":{\"@id\":\"https:\\\/\\\/www.mobile-theater.de\\\/fr\\\/moving-shadows\\\/on-fire\\\/#primaryimage\"},\"image\":{\"@id\":\"https:\\\/\\\/www.mobile-theater.de\\\/fr\\\/moving-shadows\\\/on-fire\\\/#primaryimage\"},\"thumbnailUrl\":\"https:\\\/\\\/www.mobile-theater.de\\\/wp-content\\\/uploads\\\/2025\\\/01\\\/pokal.png\",\"datePublished\":\"2025-01-23T09:12:24+00:00\",\"dateModified\":\"2025-07-28T08:17:16+00:00\",\"breadcrumb\":{\"@id\":\"https:\\\/\\\/www.mobile-theater.de\\\/fr\\\/moving-shadows\\\/on-fire\\\/#breadcrumb\"},\"inLanguage\":\"fr-FR\",\"potentialAction\":[{\"@type\":\"ReadAction\",\"target\":[\"https:\\\/\\\/www.mobile-theater.de\\\/fr\\\/moving-shadows\\\/on-fire\\\/\"]}]},{\"@type\":\"ImageObject\",\"inLanguage\":\"fr-FR\",\"@id\":\"https:\\\/\\\/www.mobile-theater.de\\\/fr\\\/moving-shadows\\\/on-fire\\\/#primaryimage\",\"url\":\"https:\\\/\\\/www.mobile-theater.de\\\/wp-content\\\/uploads\\\/2025\\\/01\\\/pokal.png\",\"contentUrl\":\"https:\\\/\\\/www.mobile-theater.de\\\/wp-content\\\/uploads\\\/2025\\\/01\\\/pokal.png\"},{\"@type\":\"BreadcrumbList\",\"@id\":\"https:\\\/\\\/www.mobile-theater.de\\\/fr\\\/moving-shadows\\\/on-fire\\\/#breadcrumb\",\"itemListElement\":[{\"@type\":\"ListItem\",\"position\":1,\"name\":\"Startseite\",\"item\":\"https:\\\/\\\/www.mobile-theater.de\\\/fr\\\/\"},{\"@type\":\"ListItem\",\"position\":2,\"name\":\"Moving Shadows\",\"item\":\"https:\\\/\\\/www.mobile-theater.de\\\/fr\\\/moving-shadows\\\/\"},{\"@type\":\"ListItem\",\"position\":3,\"name\":\"On Fire\"}]},{\"@type\":\"WebSite\",\"@id\":\"https:\\\/\\\/www.mobile-theater.de\\\/fr\\\/#website\",\"url\":\"https:\\\/\\\/www.mobile-theater.de\\\/fr\\\/\",\"name\":\"die Mobil\u00e9s\",\"description\":\"\",\"publisher\":{\"@id\":\"https:\\\/\\\/www.mobile-theater.de\\\/fr\\\/#organization\"},\"potentialAction\":[{\"@type\":\"SearchAction\",\"target\":{\"@type\":\"EntryPoint\",\"urlTemplate\":\"https:\\\/\\\/www.mobile-theater.de\\\/fr\\\/?s={search_term_string}\"},\"query-input\":{\"@type\":\"PropertyValueSpecification\",\"valueRequired\":true,\"valueName\":\"search_term_string\"}}],\"inLanguage\":\"fr-FR\"},{\"@type\":\"Organization\",\"@id\":\"https:\\\/\\\/www.mobile-theater.de\\\/fr\\\/#organization\",\"name\":\"die Mobil\u00e9s\",\"url\":\"https:\\\/\\\/www.mobile-theater.de\\\/fr\\\/\",\"logo\":{\"@type\":\"ImageObject\",\"inLanguage\":\"fr-FR\",\"@id\":\"https:\\\/\\\/www.mobile-theater.de\\\/fr\\\/#\\\/schema\\\/logo\\\/image\\\/\",\"url\":\"https:\\\/\\\/www.mobile-theater.de\\\/wp-content\\\/uploads\\\/2025\\\/01\\\/logo_diemobiles.svg\",\"contentUrl\":\"https:\\\/\\\/www.mobile-theater.de\\\/wp-content\\\/uploads\\\/2025\\\/01\\\/logo_diemobiles.svg\",\"caption\":\"die Mobil\u00e9s\"},\"image\":{\"@id\":\"https:\\\/\\\/www.mobile-theater.de\\\/fr\\\/#\\\/schema\\\/logo\\\/image\\\/\"}}]}<\/script>\n<!-- \/ Yoast SEO plugin. -->","yoast_head_json":{"title":"On Fire - die Mobil\u00e9s","robots":{"index":"index","follow":"follow","max-snippet":"max-snippet:-1","max-image-preview":"max-image-preview:large","max-video-preview":"max-video-preview:-1"},"canonical":"https:\/\/www.mobile-theater.de\/fr\/moving-shadows\/on-fire\/","og_locale":"fr_FR","og_type":"article","og_title":"On Fire - die Mobil\u00e9s","og_description":"[vc_row full_width=\u00a0\u00bbstretch_row\u00a0\u00bb content_placement=\u00a0\u00bbmiddle\u00a0\u00bb column_spacing=\u00a0\u00bb0px\u00a0\u00bb css=\u00a0\u00bb.vc_custom_1742905673466{margin-bottom: 50px !important;background-image: url(https:\/\/www.mobile-theater.de\/wp-content\/uploads\/2025\/03\/Movng-Shadows_On_Fire.jpg?id=2124) !important;background-position: center !important;background-repeat: no-repeat !important;background-size: cover !important;}\u00a0\u00bb wpex_bg_position=\u00a0\u00bbtop center\u00a0\u00bb el_class=\u00a0\u00bbheader_image\u00a0\u00bb][vc_column][\/vc_column][\/vc_row][vc_row max_width_custom=\u00a0\u00bb1024px\u00a0\u00bb][vc_column][vc_column_text css=\u00a0\u00bb.vc_custom_1742976341281{padding-bottom: 50px !important;}\u00a0\u00bb text_align=\u00a0\u00bbcenter\u00a0\u00bb] Moving Shadows pr\u00e9sente: \u00ab\u00a0On Fire\u00a0\u00bb Un th\u00e9\u00e2tre d&rsquo;ombres qui fait de l&rsquo;ombre \u00e0 tout le reste &#8211; Brand New Show !!! Avec leur tout nouveau spectacle, les Moving Shadows, acclam\u00e9s dans le&hellip;","og_url":"https:\/\/www.mobile-theater.de\/fr\/moving-shadows\/on-fire\/","og_site_name":"die Mobil\u00e9s","article_modified_time":"2025-07-28T08:17:16+00:00","og_image":[{"width":100,"height":101,"url":"https:\/\/www.mobile-theater.de\/wp-content\/uploads\/2025\/01\/pokal.png","type":"image\/png"}],"twitter_card":"summary_large_image","twitter_misc":{"Dur\u00e9e de lecture estim\u00e9e":"4 minutes"},"schema":{"@context":"https:\/\/schema.org","@graph":[{"@type":"WebPage","@id":"https:\/\/www.mobile-theater.de\/fr\/moving-shadows\/on-fire\/","url":"https:\/\/www.mobile-theater.de\/fr\/moving-shadows\/on-fire\/","name":"On Fire - die Mobil\u00e9s","isPartOf":{"@id":"https:\/\/www.mobile-theater.de\/fr\/#website"},"primaryImageOfPage":{"@id":"https:\/\/www.mobile-theater.de\/fr\/moving-shadows\/on-fire\/#primaryimage"},"image":{"@id":"https:\/\/www.mobile-theater.de\/fr\/moving-shadows\/on-fire\/#primaryimage"},"thumbnailUrl":"https:\/\/www.mobile-theater.de\/wp-content\/uploads\/2025\/01\/pokal.png","datePublished":"2025-01-23T09:12:24+00:00","dateModified":"2025-07-28T08:17:16+00:00","breadcrumb":{"@id":"https:\/\/www.mobile-theater.de\/fr\/moving-shadows\/on-fire\/#breadcrumb"},"inLanguage":"fr-FR","potentialAction":[{"@type":"ReadAction","target":["https:\/\/www.mobile-theater.de\/fr\/moving-shadows\/on-fire\/"]}]},{"@type":"ImageObject","inLanguage":"fr-FR","@id":"https:\/\/www.mobile-theater.de\/fr\/moving-shadows\/on-fire\/#primaryimage","url":"https:\/\/www.mobile-theater.de\/wp-content\/uploads\/2025\/01\/pokal.png","contentUrl":"https:\/\/www.mobile-theater.de\/wp-content\/uploads\/2025\/01\/pokal.png"},{"@type":"BreadcrumbList","@id":"https:\/\/www.mobile-theater.de\/fr\/moving-shadows\/on-fire\/#breadcrumb","itemListElement":[{"@type":"ListItem","position":1,"name":"Startseite","item":"https:\/\/www.mobile-theater.de\/fr\/"},{"@type":"ListItem","position":2,"name":"Moving Shadows","item":"https:\/\/www.mobile-theater.de\/fr\/moving-shadows\/"},{"@type":"ListItem","position":3,"name":"On Fire"}]},{"@type":"WebSite","@id":"https:\/\/www.mobile-theater.de\/fr\/#website","url":"https:\/\/www.mobile-theater.de\/fr\/","name":"die Mobil\u00e9s","description":"","publisher":{"@id":"https:\/\/www.mobile-theater.de\/fr\/#organization"},"potentialAction":[{"@type":"SearchAction","target":{"@type":"EntryPoint","urlTemplate":"https:\/\/www.mobile-theater.de\/fr\/?s={search_term_string}"},"query-input":{"@type":"PropertyValueSpecification","valueRequired":true,"valueName":"search_term_string"}}],"inLanguage":"fr-FR"},{"@type":"Organization","@id":"https:\/\/www.mobile-theater.de\/fr\/#organization","name":"die Mobil\u00e9s","url":"https:\/\/www.mobile-theater.de\/fr\/","logo":{"@type":"ImageObject","inLanguage":"fr-FR","@id":"https:\/\/www.mobile-theater.de\/fr\/#\/schema\/logo\/image\/","url":"https:\/\/www.mobile-theater.de\/wp-content\/uploads\/2025\/01\/logo_diemobiles.svg","contentUrl":"https:\/\/www.mobile-theater.de\/wp-content\/uploads\/2025\/01\/logo_diemobiles.svg","caption":"die Mobil\u00e9s"},"image":{"@id":"https:\/\/www.mobile-theater.de\/fr\/#\/schema\/logo\/image\/"}}]}},"_links":{"self":[{"href":"https:\/\/www.mobile-theater.de\/fr\/wp-json\/wp\/v2\/pages\/1484","targetHints":{"allow":["GET"]}}],"collection":[{"href":"https:\/\/www.mobile-theater.de\/fr\/wp-json\/wp\/v2\/pages"}],"about":[{"href":"https:\/\/www.mobile-theater.de\/fr\/wp-json\/wp\/v2\/types\/page"}],"author":[{"embeddable":true,"href":"https:\/\/www.mobile-theater.de\/fr\/wp-json\/wp\/v2\/users\/1"}],"replies":[{"embeddable":true,"href":"https:\/\/www.mobile-theater.de\/fr\/wp-json\/wp\/v2\/comments?post=1484"}],"version-history":[{"count":10,"href":"https:\/\/www.mobile-theater.de\/fr\/wp-json\/wp\/v2\/pages\/1484\/revisions"}],"predecessor-version":[{"id":2259,"href":"https:\/\/www.mobile-theater.de\/fr\/wp-json\/wp\/v2\/pages\/1484\/revisions\/2259"}],"up":[{"embeddable":true,"href":"https:\/\/www.mobile-theater.de\/fr\/wp-json\/wp\/v2\/pages\/1423"}],"wp:attachment":[{"href":"https:\/\/www.mobile-theater.de\/fr\/wp-json\/wp\/v2\/media?parent=1484"}],"curies":[{"name":"wp","href":"https:\/\/api.w.org\/{rel}","templated":true}]}}