{"id":1424,"date":"2025-01-21T17:34:34","date_gmt":"2025-01-21T16:34:34","guid":{"rendered":"https:\/\/www.mobile-theater.de\/production-de-spectacles\/"},"modified":"2025-01-28T21:34:36","modified_gmt":"2025-01-28T20:34:36","slug":"production-de-spectacles","status":"publish","type":"page","link":"https:\/\/www.mobile-theater.de\/fr\/des-spectacles-sur-mesure\/production-de-spectacles\/","title":{"rendered":"Production de spectacles"},"content":{"rendered":"<div class=\"wpb-content-wrapper\">[vc_row full_width=\u00a0\u00bbstretch_row\u00a0\u00bb content_placement=\u00a0\u00bbmiddle\u00a0\u00bb column_spacing=\u00a0\u00bb0px\u00a0\u00bb css=\u00a0\u00bb.vc_custom_1737967024841{margin-bottom: 50px !important;background-image: url(https:\/\/www.mobile-theater.de\/wp-content\/uploads\/2025\/01\/unterseite_showproduktion_header_16.02.2024.jpg?id=296) !important;background-position: center !important;background-repeat: no-repeat !important;background-size: cover !important;}\u00a0\u00bb wpex_bg_position=\u00a0\u00bbbottom center\u00a0\u00bb el_class=\u00a0\u00bbheader_image\u00a0\u00bb][vc_column][vc_column_text css=\u00a0\u00bb\u00a0\u00bb text_align=\u00a0\u00bbcenter\u00a0\u00bb color=\u00a0\u00bb#ffffff\u00a0\u00bb]\n<h1>Mises en sc\u00e8ne exceptionnelles du plus haut niveau<\/h1>\n[\/vc_column_text][\/vc_column][\/vc_row][vc_row max_width_custom=\u00a0\u00bb1024px\u00a0\u00bb][vc_column][vc_column_text css=\u00a0\u00bb.vc_custom_1737477102798{padding-bottom: 50px !important;}\u00a0\u00bb text_align=\u00a0\u00bbcenter\u00a0\u00bb]Qu&rsquo;il s&rsquo;agisse d&rsquo;un anniversaire, d&rsquo;un gala, d&rsquo;une pr\u00e9sentation de voitures, d&rsquo;une r\u00e9union de lancement, d&rsquo;un roadshow ou d&rsquo;une f\u00eate d&rsquo;entreprise: il existe tant d&rsquo;occasions d&rsquo;organiser une f\u00eate passionnante. Mobil\u00e9 fait tout ce qu&rsquo;il faut pour susciter les passions et met constamment en sc\u00e8ne des entr\u00e9es subtiles, \u00e9mouvantes et captivantes \u2013 qu&rsquo;il s&rsquo;agisse de jeu d&rsquo;ombres ou de th\u00e9\u00e2tre d&rsquo;affaires vecteur d&rsquo;appartenance, qu&rsquo;il s&rsquo;agisse d&rsquo;un programme-cadre ou de la production compl\u00e8te d&rsquo;un spectacle. Misez sur 30 ans de \u00ab Show-how \u00bb dans les manifestations de toute taille \u2013 respectivement d\u00e9finies sur-mesure sur l&rsquo;occasion. Nous faisons de votre \u00e9v\u00e8nement, une exp\u00e9rience unique en son genre. Dans les \u00e9v\u00e8nements de lancement par exemple, nous introduisons la nouveaut\u00e9 dans notre apparition, de mani\u00e8re incontournable \u2013 de mani\u00e8re concr\u00e8te, en mouvement et avec un effet durable.<br \/>\nLes anniversaires de soci\u00e9t\u00e9, des f\u00eates d&rsquo;entreprise ou de No\u00ebl ou encore, l&rsquo;hommage aux employ\u00e9s de longue date, sont des occasions bienvenues, permettant de revenir en arri\u00e8re &#8211; d&rsquo;apr\u00e8s la devise \u00ab Faites tomber le rideau sur votre histoire ! \u00bb. Avec perspicacit\u00e9 et humour, le Th\u00e9\u00e2tre d&rsquo;affaires Mobil\u00e9 met en sc\u00e8ne une histoire par des images qui interpellent, compr\u00e9hensibles, en mouvement, ayant en m\u00eame temps pour effet, de susciter le divertissement et la motivation. Nos prestations s&rsquo;\u00e9tendent du programme-cadre aux concepts de spectacles complets &#8211; car la passion ne connait pas de limites. Donnez un \u00ab effet Wouaouh \u00bb \u00e0 votre manifestation &#8211; avec une production de spectacle Mobil\u00e9 sur-mesure.[\/vc_column_text]<style>.vcex-image-grid.vcex_69e74b229463a{gap:5px;}<\/style><div class=\"vcex-image-grid-wrap\"><div class=\"vcex-module vcex-image-grid wpex-grid wpex-grid-cols-5 wpex-pp-grid-cols-1 wpex-mb-20 wpex-lightbox-group vcex_69e74b229463a\" data-show_title=\"false\"><div class=\"id-1127 vcex-image-grid-entry vcex-grid-item wpex-text-center wpex-flex wpex-flex-col wpex-flex-grow\"><figure class=\"vcex-image-grid-entry-figure wpex-last-mb-0 wpex-clr\"><div class=\"vcex-image-grid-entry-img entry-media wpex-relative wpex-mb-20\"><a href=\"https:\/\/www.mobile-theater.de\/wp-content\/uploads\/2025\/01\/bayer081.jpg\" class=\"vcex-image-grid-entry-link wpex-lightbox-group-item\" data-show_title=\"false\"><img loading=\"lazy\" class=\"wpex-align-middle\" decoding=\"async\" src=\"https:\/\/www.mobile-theater.de\/wp-content\/uploads\/2025\/01\/bayer081-230x330.jpg\" alt=\"\" width=\"230\" height=\"330\"><\/a><\/div><\/figure><\/div><div class=\"id-1129 vcex-image-grid-entry vcex-grid-item wpex-text-center wpex-flex wpex-flex-col wpex-flex-grow\"><figure class=\"vcex-image-grid-entry-figure wpex-last-mb-0 wpex-clr\"><div class=\"vcex-image-grid-entry-img entry-media wpex-relative wpex-mb-20\"><a href=\"https:\/\/www.mobile-theater.de\/wp-content\/uploads\/2025\/01\/bayer05021012024.jpg\" class=\"vcex-image-grid-entry-link wpex-lightbox-group-item\" data-show_title=\"false\"><img loading=\"lazy\" class=\"wpex-align-middle\" decoding=\"async\" src=\"https:\/\/www.mobile-theater.de\/wp-content\/uploads\/2025\/01\/bayer05021012024-230x330.jpg\" alt=\"\" width=\"230\" height=\"330\"><\/a><\/div><\/figure><\/div><div class=\"id-1113 vcex-image-grid-entry vcex-grid-item wpex-text-center wpex-flex wpex-flex-col wpex-flex-grow\"><figure class=\"vcex-image-grid-entry-figure wpex-last-mb-0 wpex-clr\"><div class=\"vcex-image-grid-entry-img entry-media wpex-relative wpex-mb-20\"><a href=\"https:\/\/www.mobile-theater.de\/wp-content\/uploads\/2025\/01\/showproduktiongalerie3.jpg\" class=\"vcex-image-grid-entry-link wpex-lightbox-group-item\" data-show_title=\"false\"><img loading=\"lazy\" class=\"wpex-align-middle\" decoding=\"async\" src=\"https:\/\/www.mobile-theater.de\/wp-content\/uploads\/2025\/01\/showproduktiongalerie3-230x330.jpg\" alt=\"\" width=\"230\" height=\"330\"><\/a><\/div><\/figure><\/div><div class=\"id-1115 vcex-image-grid-entry vcex-grid-item wpex-text-center wpex-flex wpex-flex-col wpex-flex-grow\"><figure class=\"vcex-image-grid-entry-figure wpex-last-mb-0 wpex-clr\"><div class=\"vcex-image-grid-entry-img entry-media wpex-relative wpex-mb-20\"><a href=\"https:\/\/www.mobile-theater.de\/wp-content\/uploads\/2025\/01\/showproduktiongalerie4.jpg\" class=\"vcex-image-grid-entry-link wpex-lightbox-group-item\" data-show_title=\"false\"><img loading=\"lazy\" class=\"wpex-align-middle\" decoding=\"async\" src=\"https:\/\/www.mobile-theater.de\/wp-content\/uploads\/2025\/01\/showproduktiongalerie4-230x330.jpg\" alt=\"\" width=\"230\" height=\"330\"><\/a><\/div><\/figure><\/div><div class=\"id-1117 vcex-image-grid-entry vcex-grid-item wpex-text-center wpex-flex wpex-flex-col wpex-flex-grow\"><figure class=\"vcex-image-grid-entry-figure wpex-last-mb-0 wpex-clr\"><div class=\"vcex-image-grid-entry-img entry-media wpex-relative wpex-mb-20\"><a href=\"https:\/\/www.mobile-theater.de\/wp-content\/uploads\/2025\/01\/showproduktiongalerie5.jpg\" class=\"vcex-image-grid-entry-link wpex-lightbox-group-item\" data-show_title=\"false\"><img loading=\"lazy\" class=\"wpex-align-middle\" decoding=\"async\" src=\"https:\/\/www.mobile-theater.de\/wp-content\/uploads\/2025\/01\/showproduktiongalerie5-230x330.jpg\" alt=\"\" width=\"230\" height=\"330\"><\/a><\/div><\/figure><\/div><div class=\"id-1119 vcex-image-grid-entry vcex-grid-item wpex-text-center wpex-flex wpex-flex-col wpex-flex-grow\"><figure class=\"vcex-image-grid-entry-figure wpex-last-mb-0 wpex-clr\"><div class=\"vcex-image-grid-entry-img entry-media wpex-relative wpex-mb-20\"><a href=\"https:\/\/www.mobile-theater.de\/wp-content\/uploads\/2025\/01\/showproduktiongalerie6.jpg\" class=\"vcex-image-grid-entry-link wpex-lightbox-group-item\" data-show_title=\"false\"><img loading=\"lazy\" class=\"wpex-align-middle\" decoding=\"async\" src=\"https:\/\/www.mobile-theater.de\/wp-content\/uploads\/2025\/01\/showproduktiongalerie6-230x330.jpg\" alt=\"\" width=\"230\" height=\"330\"><\/a><\/div><\/figure><\/div><div class=\"id-1121 vcex-image-grid-entry vcex-grid-item wpex-text-center wpex-flex wpex-flex-col wpex-flex-grow\"><figure class=\"vcex-image-grid-entry-figure wpex-last-mb-0 wpex-clr\"><div class=\"vcex-image-grid-entry-img entry-media wpex-relative wpex-mb-20\"><a href=\"https:\/\/www.mobile-theater.de\/wp-content\/uploads\/2025\/01\/showproduktiongalerie7.jpg\" class=\"vcex-image-grid-entry-link wpex-lightbox-group-item\" data-show_title=\"false\"><img loading=\"lazy\" class=\"wpex-align-middle\" decoding=\"async\" src=\"https:\/\/www.mobile-theater.de\/wp-content\/uploads\/2025\/01\/showproduktiongalerie7-230x330.jpg\" alt=\"\" width=\"230\" height=\"330\"><\/a><\/div><\/figure><\/div><div class=\"id-1131 vcex-image-grid-entry vcex-grid-item wpex-text-center wpex-flex wpex-flex-col wpex-flex-grow\"><figure class=\"vcex-image-grid-entry-figure wpex-last-mb-0 wpex-clr\"><div class=\"vcex-image-grid-entry-img entry-media wpex-relative wpex-mb-20\"><a href=\"https:\/\/www.mobile-theater.de\/wp-content\/uploads\/2025\/01\/f64975721022024.jpg\" class=\"vcex-image-grid-entry-link wpex-lightbox-group-item\" data-show_title=\"false\"><img loading=\"lazy\" class=\"wpex-align-middle\" decoding=\"async\" src=\"https:\/\/www.mobile-theater.de\/wp-content\/uploads\/2025\/01\/f64975721022024-230x330.jpg\" alt=\"\" width=\"230\" height=\"330\"><\/a><\/div><\/figure><\/div><div class=\"id-1123 vcex-image-grid-entry vcex-grid-item wpex-text-center wpex-flex wpex-flex-col wpex-flex-grow\"><figure class=\"vcex-image-grid-entry-figure wpex-last-mb-0 wpex-clr\"><div class=\"vcex-image-grid-entry-img entry-media wpex-relative wpex-mb-20\"><a href=\"https:\/\/www.mobile-theater.de\/wp-content\/uploads\/2025\/01\/showproduktiongalerie9.jpg\" class=\"vcex-image-grid-entry-link wpex-lightbox-group-item\" data-show_title=\"false\"><img loading=\"lazy\" class=\"wpex-align-middle\" decoding=\"async\" src=\"https:\/\/www.mobile-theater.de\/wp-content\/uploads\/2025\/01\/showproduktiongalerie9-230x330.jpg\" alt=\"\" width=\"230\" height=\"330\"><\/a><\/div><\/figure><\/div><div class=\"id-1125 vcex-image-grid-entry vcex-grid-item wpex-text-center wpex-flex wpex-flex-col wpex-flex-grow\"><figure class=\"vcex-image-grid-entry-figure wpex-last-mb-0 wpex-clr\"><div class=\"vcex-image-grid-entry-img entry-media wpex-relative wpex-mb-20\"><a href=\"https:\/\/www.mobile-theater.de\/wp-content\/uploads\/2025\/01\/showproduktiongalerie10.jpg\" class=\"vcex-image-grid-entry-link wpex-lightbox-group-item\" data-show_title=\"false\"><img loading=\"lazy\" class=\"wpex-align-middle\" decoding=\"async\" src=\"https:\/\/www.mobile-theater.de\/wp-content\/uploads\/2025\/01\/showproduktiongalerie10-230x330.jpg\" alt=\"\" width=\"230\" height=\"330\"><\/a><\/div><\/figure><\/div><\/div><\/div>[\/vc_column][\/vc_row][vc_row full_width=\u00a0\u00bbstretch_row\u00a0\u00bb css=\u00a0\u00bb.vc_custom_1737476182356{padding-top: 50px !important;background-color: #888888 !important;}\u00a0\u00bb][vc_column]<style>.vcex-testimonials-fullslider.vcex_69e74b229a9ca .vcex-testimonials-fullslider-entry{color:#ffffff;font-size:38px;font-weight:300;}.vcex-testimonials-fullslider.vcex_69e74b229a9ca .vcex-testimonials-fullslider-author{color:#ffffff;font-size:22px;font-weight:300;}<\/style><div class=\"vcex-module vcex-testimonials-fullslider wpex-py-40 light-skin has-controlnav  vcex_69e74b229a9ca\"><div class=\"wpex-slider slider-pro\" data-fade-arrows=\"false\" data-arrows=\"true\" data-buttons=\"true\" data-loop=\"true\" data-fade=\"true\" data-touch-swipe-desktop=\"false\"><div class=\"wpex-slider-slides sp-slides\"><div class=\"wpex-slider-slide sp-slide entry post-1672 type-testimonials cat-33\"><div class=\"vcex-testimonials-fullslider-inner wpex-text-center\"><div class=\"vcex-testimonials-fullslider-entry wpex-font-light wpex-text-2xl wpex-clr wpex-last-mb-0 entry\"><p>\u00ab Une fois de plus, la formidable transposition de sujets du quotidien avec un spectacle entra\u00eenant, aux valeurs de divertissement et d&rsquo;information fut parfaite \u00bb. Vous avez su ramener par la plaisanterie, le charme et des effets inattendus, des sujets importants de discussion exactement l\u00e0 o\u00f9 il fallait, quand il fallait. C&rsquo;est pourquoi, nous appr\u00e9cions Mobil\u00e9. \u00bb<\/p>\n<\/div><div class=\"vcex-testimonials-fullslider-author wpex-mt-20 wpex-mb-5 wpex-text-lg\"><div class=\"vcex-testimonials-fullslider-author-name\">\u2013 Michael Schade, Leiter Konzern-Kommunikation der Bayer AG \u2013<\/div><\/div><\/div><\/div><\/div><\/div><\/div>[\/vc_column][\/vc_row]\n<\/div>","protected":false},"excerpt":{"rendered":"<p>[vc_row full_width=\u00a0\u00bbstretch_row\u00a0\u00bb content_placement=\u00a0\u00bbmiddle\u00a0\u00bb column_spacing=\u00a0\u00bb0px\u00a0\u00bb css=\u00a0\u00bb.vc_custom_1737967024841{margin-bottom: 50px !important;background-image: url(https:\/\/www.mobile-theater.de\/wp-content\/uploads\/2025\/01\/unterseite_showproduktion_header_16.02.2024.jpg?id=296) !important;background-position: center !important;background-repeat: no-repeat !important;background-size: cover !important;}\u00a0\u00bb wpex_bg_position=\u00a0\u00bbbottom center\u00a0\u00bb el_class=\u00a0\u00bbheader_image\u00a0\u00bb][vc_column][vc_column_text css=\u00a0\u00bb\u00a0\u00bb text_align=\u00a0\u00bbcenter\u00a0\u00bb color=\u00a0\u00bb#ffffff\u00a0\u00bb] Mises en sc\u00e8ne exceptionnelles du plus haut niveau [\/vc_column_text][\/vc_column][\/vc_row][vc_row max_width_custom=\u00a0\u00bb1024px\u00a0\u00bb][vc_column][vc_column_text css=\u00a0\u00bb.vc_custom_1737477102798{padding-bottom: 50px !important;}\u00a0\u00bb text_align=\u00a0\u00bbcenter\u00a0\u00bb]Qu&rsquo;il s&rsquo;agisse d&rsquo;un anniversaire, d&rsquo;un gala, d&rsquo;une pr\u00e9sentation de voitures, d&rsquo;une r\u00e9union de lancement, d&rsquo;un roadshow ou d&rsquo;une f\u00eate d&rsquo;entreprise: il&hellip;<\/p>\n","protected":false},"author":1,"featured_media":0,"parent":1430,"menu_order":3,"comment_status":"closed","ping_status":"closed","template":"","meta":{"_acf_changed":false,"footnotes":""},"class_list":["post-1424","page","type-page","status-publish","hentry","entry","no-media"],"acf":[],"yoast_head":"<!-- This site is optimized with the Yoast SEO plugin v27.4 - https:\/\/yoast.com\/product\/yoast-seo-wordpress\/ -->\n<title>Production de spectacles - die Mobil\u00e9s<\/title>\n<meta name=\"robots\" content=\"index, follow, max-snippet:-1, max-image-preview:large, max-video-preview:-1\" \/>\n<link rel=\"canonical\" href=\"https:\/\/www.mobile-theater.de\/fr\/des-spectacles-sur-mesure\/production-de-spectacles\/\" \/>\n<meta property=\"og:locale\" content=\"fr_FR\" \/>\n<meta property=\"og:type\" content=\"article\" \/>\n<meta property=\"og:title\" content=\"Production de spectacles - die Mobil\u00e9s\" \/>\n<meta property=\"og:description\" content=\"[vc_row full_width=\u00a0\u00bbstretch_row\u00a0\u00bb content_placement=\u00a0\u00bbmiddle\u00a0\u00bb column_spacing=\u00a0\u00bb0px\u00a0\u00bb css=\u00a0\u00bb.vc_custom_1737967024841{margin-bottom: 50px !important;background-image: url(https:\/\/www.mobile-theater.de\/wp-content\/uploads\/2025\/01\/unterseite_showproduktion_header_16.02.2024.jpg?id=296) !important;background-position: center !important;background-repeat: no-repeat !important;background-size: cover !important;}\u00a0\u00bb wpex_bg_position=\u00a0\u00bbbottom center\u00a0\u00bb el_class=\u00a0\u00bbheader_image\u00a0\u00bb][vc_column][vc_column_text css=\u00a0\u00bb\u00a0\u00bb text_align=\u00a0\u00bbcenter\u00a0\u00bb color=\u00a0\u00bb#ffffff\u00a0\u00bb] Mises en sc\u00e8ne exceptionnelles du plus haut niveau [\/vc_column_text][\/vc_column][\/vc_row][vc_row max_width_custom=\u00a0\u00bb1024px\u00a0\u00bb][vc_column][vc_column_text css=\u00a0\u00bb.vc_custom_1737477102798{padding-bottom: 50px !important;}\u00a0\u00bb text_align=\u00a0\u00bbcenter\u00a0\u00bb]Qu&rsquo;il s&rsquo;agisse d&rsquo;un anniversaire, d&rsquo;un gala, d&rsquo;une pr\u00e9sentation de voitures, d&rsquo;une r\u00e9union de lancement, d&rsquo;un roadshow ou d&rsquo;une f\u00eate d&rsquo;entreprise: il&hellip;\" \/>\n<meta property=\"og:url\" content=\"https:\/\/www.mobile-theater.de\/fr\/des-spectacles-sur-mesure\/production-de-spectacles\/\" \/>\n<meta property=\"og:site_name\" content=\"die Mobil\u00e9s\" \/>\n<meta property=\"article:modified_time\" content=\"2025-01-28T20:34:36+00:00\" \/>\n<meta name=\"twitter:card\" content=\"summary_large_image\" \/>\n<meta name=\"twitter:label1\" content=\"Dur\u00e9e de lecture estim\u00e9e\" \/>\n\t<meta name=\"twitter:data1\" content=\"4 minutes\" \/>\n<script type=\"application\/ld+json\" class=\"yoast-schema-graph\">{\"@context\":\"https:\\\/\\\/schema.org\",\"@graph\":[{\"@type\":\"WebPage\",\"@id\":\"https:\\\/\\\/www.mobile-theater.de\\\/fr\\\/des-spectacles-sur-mesure\\\/production-de-spectacles\\\/\",\"url\":\"https:\\\/\\\/www.mobile-theater.de\\\/fr\\\/des-spectacles-sur-mesure\\\/production-de-spectacles\\\/\",\"name\":\"Production de spectacles - die Mobil\u00e9s\",\"isPartOf\":{\"@id\":\"https:\\\/\\\/www.mobile-theater.de\\\/fr\\\/#website\"},\"datePublished\":\"2025-01-21T16:34:34+00:00\",\"dateModified\":\"2025-01-28T20:34:36+00:00\",\"breadcrumb\":{\"@id\":\"https:\\\/\\\/www.mobile-theater.de\\\/fr\\\/des-spectacles-sur-mesure\\\/production-de-spectacles\\\/#breadcrumb\"},\"inLanguage\":\"fr-FR\",\"potentialAction\":[{\"@type\":\"ReadAction\",\"target\":[\"https:\\\/\\\/www.mobile-theater.de\\\/fr\\\/des-spectacles-sur-mesure\\\/production-de-spectacles\\\/\"]}]},{\"@type\":\"BreadcrumbList\",\"@id\":\"https:\\\/\\\/www.mobile-theater.de\\\/fr\\\/des-spectacles-sur-mesure\\\/production-de-spectacles\\\/#breadcrumb\",\"itemListElement\":[{\"@type\":\"ListItem\",\"position\":1,\"name\":\"Startseite\",\"item\":\"https:\\\/\\\/www.mobile-theater.de\\\/fr\\\/\"},{\"@type\":\"ListItem\",\"position\":2,\"name\":\"Des spectacles sur mesure\",\"item\":\"https:\\\/\\\/www.mobile-theater.de\\\/fr\\\/des-spectacles-sur-mesure\\\/\"},{\"@type\":\"ListItem\",\"position\":3,\"name\":\"Production de spectacles\"}]},{\"@type\":\"WebSite\",\"@id\":\"https:\\\/\\\/www.mobile-theater.de\\\/fr\\\/#website\",\"url\":\"https:\\\/\\\/www.mobile-theater.de\\\/fr\\\/\",\"name\":\"die Mobil\u00e9s\",\"description\":\"\",\"publisher\":{\"@id\":\"https:\\\/\\\/www.mobile-theater.de\\\/fr\\\/#organization\"},\"potentialAction\":[{\"@type\":\"SearchAction\",\"target\":{\"@type\":\"EntryPoint\",\"urlTemplate\":\"https:\\\/\\\/www.mobile-theater.de\\\/fr\\\/?s={search_term_string}\"},\"query-input\":{\"@type\":\"PropertyValueSpecification\",\"valueRequired\":true,\"valueName\":\"search_term_string\"}}],\"inLanguage\":\"fr-FR\"},{\"@type\":\"Organization\",\"@id\":\"https:\\\/\\\/www.mobile-theater.de\\\/fr\\\/#organization\",\"name\":\"die Mobil\u00e9s\",\"url\":\"https:\\\/\\\/www.mobile-theater.de\\\/fr\\\/\",\"logo\":{\"@type\":\"ImageObject\",\"inLanguage\":\"fr-FR\",\"@id\":\"https:\\\/\\\/www.mobile-theater.de\\\/fr\\\/#\\\/schema\\\/logo\\\/image\\\/\",\"url\":\"https:\\\/\\\/www.mobile-theater.de\\\/wp-content\\\/uploads\\\/2025\\\/01\\\/logo_diemobiles.svg\",\"contentUrl\":\"https:\\\/\\\/www.mobile-theater.de\\\/wp-content\\\/uploads\\\/2025\\\/01\\\/logo_diemobiles.svg\",\"caption\":\"die Mobil\u00e9s\"},\"image\":{\"@id\":\"https:\\\/\\\/www.mobile-theater.de\\\/fr\\\/#\\\/schema\\\/logo\\\/image\\\/\"}}]}<\/script>\n<!-- \/ Yoast SEO plugin. -->","yoast_head_json":{"title":"Production de spectacles - die Mobil\u00e9s","robots":{"index":"index","follow":"follow","max-snippet":"max-snippet:-1","max-image-preview":"max-image-preview:large","max-video-preview":"max-video-preview:-1"},"canonical":"https:\/\/www.mobile-theater.de\/fr\/des-spectacles-sur-mesure\/production-de-spectacles\/","og_locale":"fr_FR","og_type":"article","og_title":"Production de spectacles - die Mobil\u00e9s","og_description":"[vc_row full_width=\u00a0\u00bbstretch_row\u00a0\u00bb content_placement=\u00a0\u00bbmiddle\u00a0\u00bb column_spacing=\u00a0\u00bb0px\u00a0\u00bb css=\u00a0\u00bb.vc_custom_1737967024841{margin-bottom: 50px !important;background-image: url(https:\/\/www.mobile-theater.de\/wp-content\/uploads\/2025\/01\/unterseite_showproduktion_header_16.02.2024.jpg?id=296) !important;background-position: center !important;background-repeat: no-repeat !important;background-size: cover !important;}\u00a0\u00bb wpex_bg_position=\u00a0\u00bbbottom center\u00a0\u00bb el_class=\u00a0\u00bbheader_image\u00a0\u00bb][vc_column][vc_column_text css=\u00a0\u00bb\u00a0\u00bb text_align=\u00a0\u00bbcenter\u00a0\u00bb color=\u00a0\u00bb#ffffff\u00a0\u00bb] Mises en sc\u00e8ne exceptionnelles du plus haut niveau [\/vc_column_text][\/vc_column][\/vc_row][vc_row max_width_custom=\u00a0\u00bb1024px\u00a0\u00bb][vc_column][vc_column_text css=\u00a0\u00bb.vc_custom_1737477102798{padding-bottom: 50px !important;}\u00a0\u00bb text_align=\u00a0\u00bbcenter\u00a0\u00bb]Qu&rsquo;il s&rsquo;agisse d&rsquo;un anniversaire, d&rsquo;un gala, d&rsquo;une pr\u00e9sentation de voitures, d&rsquo;une r\u00e9union de lancement, d&rsquo;un roadshow ou d&rsquo;une f\u00eate d&rsquo;entreprise: il&hellip;","og_url":"https:\/\/www.mobile-theater.de\/fr\/des-spectacles-sur-mesure\/production-de-spectacles\/","og_site_name":"die Mobil\u00e9s","article_modified_time":"2025-01-28T20:34:36+00:00","twitter_card":"summary_large_image","twitter_misc":{"Dur\u00e9e de lecture estim\u00e9e":"4 minutes"},"schema":{"@context":"https:\/\/schema.org","@graph":[{"@type":"WebPage","@id":"https:\/\/www.mobile-theater.de\/fr\/des-spectacles-sur-mesure\/production-de-spectacles\/","url":"https:\/\/www.mobile-theater.de\/fr\/des-spectacles-sur-mesure\/production-de-spectacles\/","name":"Production de spectacles - die Mobil\u00e9s","isPartOf":{"@id":"https:\/\/www.mobile-theater.de\/fr\/#website"},"datePublished":"2025-01-21T16:34:34+00:00","dateModified":"2025-01-28T20:34:36+00:00","breadcrumb":{"@id":"https:\/\/www.mobile-theater.de\/fr\/des-spectacles-sur-mesure\/production-de-spectacles\/#breadcrumb"},"inLanguage":"fr-FR","potentialAction":[{"@type":"ReadAction","target":["https:\/\/www.mobile-theater.de\/fr\/des-spectacles-sur-mesure\/production-de-spectacles\/"]}]},{"@type":"BreadcrumbList","@id":"https:\/\/www.mobile-theater.de\/fr\/des-spectacles-sur-mesure\/production-de-spectacles\/#breadcrumb","itemListElement":[{"@type":"ListItem","position":1,"name":"Startseite","item":"https:\/\/www.mobile-theater.de\/fr\/"},{"@type":"ListItem","position":2,"name":"Des spectacles sur mesure","item":"https:\/\/www.mobile-theater.de\/fr\/des-spectacles-sur-mesure\/"},{"@type":"ListItem","position":3,"name":"Production de spectacles"}]},{"@type":"WebSite","@id":"https:\/\/www.mobile-theater.de\/fr\/#website","url":"https:\/\/www.mobile-theater.de\/fr\/","name":"die Mobil\u00e9s","description":"","publisher":{"@id":"https:\/\/www.mobile-theater.de\/fr\/#organization"},"potentialAction":[{"@type":"SearchAction","target":{"@type":"EntryPoint","urlTemplate":"https:\/\/www.mobile-theater.de\/fr\/?s={search_term_string}"},"query-input":{"@type":"PropertyValueSpecification","valueRequired":true,"valueName":"search_term_string"}}],"inLanguage":"fr-FR"},{"@type":"Organization","@id":"https:\/\/www.mobile-theater.de\/fr\/#organization","name":"die Mobil\u00e9s","url":"https:\/\/www.mobile-theater.de\/fr\/","logo":{"@type":"ImageObject","inLanguage":"fr-FR","@id":"https:\/\/www.mobile-theater.de\/fr\/#\/schema\/logo\/image\/","url":"https:\/\/www.mobile-theater.de\/wp-content\/uploads\/2025\/01\/logo_diemobiles.svg","contentUrl":"https:\/\/www.mobile-theater.de\/wp-content\/uploads\/2025\/01\/logo_diemobiles.svg","caption":"die Mobil\u00e9s"},"image":{"@id":"https:\/\/www.mobile-theater.de\/fr\/#\/schema\/logo\/image\/"}}]}},"_links":{"self":[{"href":"https:\/\/www.mobile-theater.de\/fr\/wp-json\/wp\/v2\/pages\/1424","targetHints":{"allow":["GET"]}}],"collection":[{"href":"https:\/\/www.mobile-theater.de\/fr\/wp-json\/wp\/v2\/pages"}],"about":[{"href":"https:\/\/www.mobile-theater.de\/fr\/wp-json\/wp\/v2\/types\/page"}],"author":[{"embeddable":true,"href":"https:\/\/www.mobile-theater.de\/fr\/wp-json\/wp\/v2\/users\/1"}],"replies":[{"embeddable":true,"href":"https:\/\/www.mobile-theater.de\/fr\/wp-json\/wp\/v2\/comments?post=1424"}],"version-history":[{"count":1,"href":"https:\/\/www.mobile-theater.de\/fr\/wp-json\/wp\/v2\/pages\/1424\/revisions"}],"predecessor-version":[{"id":1532,"href":"https:\/\/www.mobile-theater.de\/fr\/wp-json\/wp\/v2\/pages\/1424\/revisions\/1532"}],"up":[{"embeddable":true,"href":"https:\/\/www.mobile-theater.de\/fr\/wp-json\/wp\/v2\/pages\/1430"}],"wp:attachment":[{"href":"https:\/\/www.mobile-theater.de\/fr\/wp-json\/wp\/v2\/media?parent=1424"}],"curies":[{"name":"wp","href":"https:\/\/api.w.org\/{rel}","templated":true}]}}