{"id":1400,"date":"2025-01-21T17:21:09","date_gmt":"2025-01-21T16:21:09","guid":{"rendered":"https:\/\/www.mobile-theater.de\/business-theater\/"},"modified":"2025-01-28T20:17:52","modified_gmt":"2025-01-28T19:17:52","slug":"business-theater","status":"publish","type":"page","link":"https:\/\/www.mobile-theater.de\/en\/tailor-made-shows\/business-theater\/","title":{"rendered":"Business Theater"},"content":{"rendered":"<div class=\"wpb-content-wrapper\">[vc_row full_width=&#8221;stretch_row&#8221; content_placement=&#8221;middle&#8221; column_spacing=&#8221;0px&#8221; css=&#8221;.vc_custom_1737967007759{margin-bottom: 50px !important;background-image: url(https:\/\/www.mobile-theater.de\/wp-content\/uploads\/2025\/01\/unternehmenstheater_header.jpg?id=43) !important;background-position: center !important;background-repeat: no-repeat !important;background-size: cover !important;}&#8221; wpex_bg_position=&#8221;top center&#8221; el_class=&#8221;header_image&#8221;][vc_column][vc_column_text css=&#8221;&#8221; text_align=&#8221;center&#8221; color=&#8221;#ffffff&#8221;]\n<h1>&#8220;Die Mobil\u00e9&#8221; business theatre fills people with enthusiasm for your individual goals.<\/h1>\n<div class=\"zitat\">\n<h2>We bring visions to life for all your employees and we move your audience, nationally and internationally.<\/h2>\n<\/div>\n[\/vc_column_text][\/vc_column][\/vc_row][vc_row max_width_custom=&#8221;1024px&#8221;][vc_column][vc_column_text css=&#8221;.vc_custom_1737476333021{padding-bottom: 50px !important;}&#8221; text_align=&#8221;center&#8221;]Movingly emotional and intelligently uplifting: excellent performers, emotional music, elaborate storyboards and a coherent dramatic composition rouse emotions that ensure the success of your event. Would you like to motivate your employees? We bring visions to life and show the way to your goals. Would you like to raise creative output? As pioneers in the sector of business theatre, for over 30 years we have been firing the imagination of team members and customers \u2013 perceptively, charmingly and humorously.<br \/>\nIt doesn&#8217;t matter whether you want to keep people motivated, convey messages, improve processes or improve communication. You will very easily overcome these challenges with our business, management or change theatre. With Mobil\u00e9 you can strengthen that \u201cwe\u201d sense, practise change management or initiate process optimisation. In a completely individual manner we tackle situations, undo knots in communication, motivate people for change or prepare them for new cultural environments, for example if you operate internationally. Forms of expression, presentation and action and also volume, intonation, mimicry and gesture express your goals. Even sensitive subjects can be staged with a humorous wink or in a dramatically exaggerated manner.<br \/>\nMobil\u00e9 business theatre gets under your skin.[\/vc_column_text]<style>.vcex-image-grid.vcex_69e198bb41f59{gap:5px;}<\/style><div class=\"vcex-image-grid-wrap\"><div class=\"vcex-module vcex-image-grid wpex-grid wpex-grid-cols-5 wpex-pp-grid-cols-1 wpex-mb-20 wpex-lightbox-group vcex_69e198bb41f59\" data-show_title=\"false\"><div class=\"id-1086 vcex-image-grid-entry vcex-grid-item wpex-text-center wpex-flex wpex-flex-col wpex-flex-grow\"><figure class=\"vcex-image-grid-entry-figure wpex-last-mb-0 wpex-clr\"><div class=\"vcex-image-grid-entry-img entry-media wpex-relative wpex-mb-20\"><a href=\"https:\/\/www.mobile-theater.de\/wp-content\/uploads\/2025\/01\/bet21022024.jpg\" class=\"vcex-image-grid-entry-link wpex-lightbox-group-item\" data-show_title=\"false\"><img loading=\"lazy\" class=\"wpex-align-middle\" decoding=\"async\" src=\"https:\/\/www.mobile-theater.de\/wp-content\/uploads\/2025\/01\/bet21022024-230x330.jpg\" alt=\"\" width=\"230\" height=\"330\"><\/a><\/div><\/figure><\/div><div class=\"id-1092 vcex-image-grid-entry vcex-grid-item wpex-text-center wpex-flex wpex-flex-col wpex-flex-grow\"><figure class=\"vcex-image-grid-entry-figure wpex-last-mb-0 wpex-clr\"><div class=\"vcex-image-grid-entry-img entry-media wpex-relative wpex-mb-20\"><a href=\"https:\/\/www.mobile-theater.de\/wp-content\/uploads\/2025\/01\/unternehmenstheatergalerie2.jpg\" class=\"vcex-image-grid-entry-link wpex-lightbox-group-item\" data-show_title=\"false\"><img loading=\"lazy\" class=\"wpex-align-middle\" decoding=\"async\" src=\"https:\/\/www.mobile-theater.de\/wp-content\/uploads\/2025\/01\/unternehmenstheatergalerie2-230x330.jpg\" alt=\"\" width=\"230\" height=\"330\"><\/a><\/div><\/figure><\/div><div class=\"id-1106 vcex-image-grid-entry vcex-grid-item wpex-text-center wpex-flex wpex-flex-col wpex-flex-grow\"><figure class=\"vcex-image-grid-entry-figure wpex-last-mb-0 wpex-clr\"><div class=\"vcex-image-grid-entry-img entry-media wpex-relative wpex-mb-20\"><a href=\"https:\/\/www.mobile-theater.de\/wp-content\/uploads\/2025\/01\/walbert1212022024.jpg\" class=\"vcex-image-grid-entry-link wpex-lightbox-group-item\" data-show_title=\"false\"><img loading=\"lazy\" class=\"wpex-align-middle\" decoding=\"async\" src=\"https:\/\/www.mobile-theater.de\/wp-content\/uploads\/2025\/01\/walbert1212022024-230x330.jpg\" alt=\"\" width=\"230\" height=\"330\"><\/a><\/div><\/figure><\/div><div class=\"id-1094 vcex-image-grid-entry vcex-grid-item wpex-text-center wpex-flex wpex-flex-col wpex-flex-grow\"><figure class=\"vcex-image-grid-entry-figure wpex-last-mb-0 wpex-clr\"><div class=\"vcex-image-grid-entry-img entry-media wpex-relative wpex-mb-20\"><a href=\"https:\/\/www.mobile-theater.de\/wp-content\/uploads\/2025\/01\/unternehmenstheatergalerie4.jpg\" class=\"vcex-image-grid-entry-link wpex-lightbox-group-item\" data-show_title=\"false\"><img loading=\"lazy\" class=\"wpex-align-middle\" decoding=\"async\" src=\"https:\/\/www.mobile-theater.de\/wp-content\/uploads\/2025\/01\/unternehmenstheatergalerie4-230x330.jpg\" alt=\"\" width=\"230\" height=\"330\"><\/a><\/div><\/figure><\/div><div class=\"id-1096 vcex-image-grid-entry vcex-grid-item wpex-text-center wpex-flex wpex-flex-col wpex-flex-grow\"><figure class=\"vcex-image-grid-entry-figure wpex-last-mb-0 wpex-clr\"><div class=\"vcex-image-grid-entry-img entry-media wpex-relative wpex-mb-20\"><a href=\"https:\/\/www.mobile-theater.de\/wp-content\/uploads\/2025\/01\/unternehmenstheatergalerie5.jpg\" class=\"vcex-image-grid-entry-link wpex-lightbox-group-item\" data-show_title=\"false\"><img loading=\"lazy\" class=\"wpex-align-middle\" decoding=\"async\" src=\"https:\/\/www.mobile-theater.de\/wp-content\/uploads\/2025\/01\/unternehmenstheatergalerie5-230x330.jpg\" alt=\"\" width=\"230\" height=\"330\"><\/a><\/div><\/figure><\/div><div class=\"id-1098 vcex-image-grid-entry vcex-grid-item wpex-text-center wpex-flex wpex-flex-col wpex-flex-grow\"><figure class=\"vcex-image-grid-entry-figure wpex-last-mb-0 wpex-clr\"><div class=\"vcex-image-grid-entry-img entry-media wpex-relative wpex-mb-20\"><a href=\"https:\/\/www.mobile-theater.de\/wp-content\/uploads\/2025\/01\/unternehmenstheatergalerie6.jpg\" class=\"vcex-image-grid-entry-link wpex-lightbox-group-item\" data-show_title=\"false\"><img loading=\"lazy\" class=\"wpex-align-middle\" decoding=\"async\" src=\"https:\/\/www.mobile-theater.de\/wp-content\/uploads\/2025\/01\/unternehmenstheatergalerie6-230x330.jpg\" alt=\"\" width=\"230\" height=\"330\"><\/a><\/div><\/figure><\/div><div class=\"id-1100 vcex-image-grid-entry vcex-grid-item wpex-text-center wpex-flex wpex-flex-col wpex-flex-grow\"><figure class=\"vcex-image-grid-entry-figure wpex-last-mb-0 wpex-clr\"><div class=\"vcex-image-grid-entry-img entry-media wpex-relative wpex-mb-20\"><a href=\"https:\/\/www.mobile-theater.de\/wp-content\/uploads\/2025\/01\/unternehmenstheatergalerie7.jpg\" class=\"vcex-image-grid-entry-link wpex-lightbox-group-item\" data-show_title=\"false\"><img loading=\"lazy\" class=\"wpex-align-middle\" decoding=\"async\" src=\"https:\/\/www.mobile-theater.de\/wp-content\/uploads\/2025\/01\/unternehmenstheatergalerie7-230x330.jpg\" alt=\"\" width=\"230\" height=\"330\"><\/a><\/div><\/figure><\/div><div class=\"id-1088 vcex-image-grid-entry vcex-grid-item wpex-text-center wpex-flex wpex-flex-col wpex-flex-grow\"><figure class=\"vcex-image-grid-entry-figure wpex-last-mb-0 wpex-clr\"><div class=\"vcex-image-grid-entry-img entry-media wpex-relative wpex-mb-20\"><a href=\"https:\/\/www.mobile-theater.de\/wp-content\/uploads\/2025\/01\/dgb821022024.jpg\" class=\"vcex-image-grid-entry-link wpex-lightbox-group-item\" data-show_title=\"false\"><img loading=\"lazy\" class=\"wpex-align-middle\" decoding=\"async\" src=\"https:\/\/www.mobile-theater.de\/wp-content\/uploads\/2025\/01\/dgb821022024-230x330.jpg\" alt=\"\" width=\"230\" height=\"330\"><\/a><\/div><\/figure><\/div><div class=\"id-1104 vcex-image-grid-entry vcex-grid-item wpex-text-center wpex-flex wpex-flex-col wpex-flex-grow\"><figure class=\"vcex-image-grid-entry-figure wpex-last-mb-0 wpex-clr\"><div class=\"vcex-image-grid-entry-img entry-media wpex-relative wpex-mb-20\"><a href=\"https:\/\/www.mobile-theater.de\/wp-content\/uploads\/2025\/01\/unternehmenstheatergalerie91.jpg\" class=\"vcex-image-grid-entry-link wpex-lightbox-group-item\" data-show_title=\"false\"><img loading=\"lazy\" class=\"wpex-align-middle\" decoding=\"async\" src=\"https:\/\/www.mobile-theater.de\/wp-content\/uploads\/2025\/01\/unternehmenstheatergalerie91-230x330.jpg\" alt=\"\" width=\"230\" height=\"330\"><\/a><\/div><\/figure><\/div><div class=\"id-1102 vcex-image-grid-entry vcex-grid-item wpex-text-center wpex-flex wpex-flex-col wpex-flex-grow\"><figure class=\"vcex-image-grid-entry-figure wpex-last-mb-0 wpex-clr\"><div class=\"vcex-image-grid-entry-img entry-media wpex-relative wpex-mb-20\"><a href=\"https:\/\/www.mobile-theater.de\/wp-content\/uploads\/2025\/01\/unternehmenstheatergalerie10.jpg\" class=\"vcex-image-grid-entry-link wpex-lightbox-group-item\" data-show_title=\"false\"><img loading=\"lazy\" class=\"wpex-align-middle\" decoding=\"async\" src=\"https:\/\/www.mobile-theater.de\/wp-content\/uploads\/2025\/01\/unternehmenstheatergalerie10-230x330.jpg\" alt=\"\" width=\"230\" height=\"330\"><\/a><\/div><\/figure><\/div><\/div><\/div>[\/vc_column][\/vc_row][vc_row full_width=&#8221;stretch_row&#8221; css=&#8221;.vc_custom_1737476182356{padding-top: 50px !important;background-color: #888888 !important;}&#8221;][vc_column]<style>.vcex-testimonials-fullslider.vcex_69e198bb469d7 .vcex-testimonials-fullslider-entry{color:#ffffff;font-size:38px;font-weight:300;}.vcex-testimonials-fullslider.vcex_69e198bb469d7 .vcex-testimonials-fullslider-author{color:#ffffff;font-size:22px;font-weight:300;}<\/style><div class=\"vcex-module vcex-testimonials-fullslider wpex-py-40 light-skin has-controlnav  vcex_69e198bb469d7\"><div class=\"wpex-slider slider-pro\" data-fade-arrows=\"false\" data-arrows=\"true\" data-buttons=\"true\" data-loop=\"true\" data-fade=\"true\" data-touch-swipe-desktop=\"false\"><div class=\"wpex-slider-slides sp-slides\"><div class=\"wpex-slider-slide sp-slide entry post-1673 type-testimonials cat-34\"><div class=\"vcex-testimonials-fullslider-inner wpex-text-center\"><div class=\"vcex-testimonials-fullslider-entry wpex-font-light wpex-text-2xl wpex-clr wpex-last-mb-0 entry\"><p>\u201c[&#8230;] Everyone without exception was thrilled by Mobil\u00e9\u2019s performance, including me! The troupe ensured a great atmosphere among the field sales staff, was superb in terms of dance and acrobatics and set exactly the right tone in a comedic fashion. Thank you very much for your work.\u201d<\/p>\n<\/div><div class=\"vcex-testimonials-fullslider-author wpex-mt-20 wpex-mb-5 wpex-text-lg\"><div class=\"vcex-testimonials-fullslider-author-name\">\u2013 Dr. Britta Wurm Comunique f\u00fcr Mundi Pharma \u2013<\/div><\/div><\/div><\/div><div class=\"wpex-slider-slide sp-slide entry post-1675 type-testimonials cat-34\"><div class=\"vcex-testimonials-fullslider-inner wpex-text-center\"><div class=\"vcex-testimonials-fullslider-entry wpex-font-light wpex-text-2xl wpex-clr wpex-last-mb-0 entry\"><p>\u201cThank you very much for your wonderful and extraordinarily professional performance. The scenes will continue to have a positive effect for a long time to come. All our customers are thrilled. So you have more than fulfilled the specified aim.\u201d<\/p>\n<\/div><div class=\"vcex-testimonials-fullslider-author wpex-mt-20 wpex-mb-5 wpex-text-lg\"><div class=\"vcex-testimonials-fullslider-author-name\">\u2013 Deutsche Telekom AG \u2013<\/div><\/div><\/div><\/div><div class=\"wpex-slider-slide sp-slide entry post-1677 type-testimonials cat-34\"><div class=\"vcex-testimonials-fullslider-inner wpex-text-center\"><div class=\"vcex-testimonials-fullslider-entry wpex-font-light wpex-text-2xl wpex-clr wpex-last-mb-0 entry\"><p>\u201c[&#8230;] like the rest of the audience I was totally transported by the performance of &#8220;die Mobil\u00e9&#8221; theatre. I can only say from the heart &#8220;Bravissimo!&#8221; No-one who was there will forget your terrific performance.\u201d<\/p>\n<\/div><div class=\"vcex-testimonials-fullslider-author wpex-mt-20 wpex-mb-5 wpex-text-lg\"><div class=\"vcex-testimonials-fullslider-author-name\">\u2013 Gabriele Teichmann, anl\u00e4sslich des 225-j\u00e4hrigen Jubil\u00e4ums bei Sal. Oppenheim \u2013<\/div><\/div><\/div><\/div><\/div><\/div><\/div>[\/vc_column][\/vc_row]\n<\/div>","protected":false},"excerpt":{"rendered":"<p>[vc_row full_width=&#8221;stretch_row&#8221; content_placement=&#8221;middle&#8221; column_spacing=&#8221;0px&#8221; css=&#8221;.vc_custom_1737967007759{margin-bottom: 50px !important;background-image: url(https:\/\/www.mobile-theater.de\/wp-content\/uploads\/2025\/01\/unternehmenstheater_header.jpg?id=43) !important;background-position: center !important;background-repeat: no-repeat !important;background-size: cover !important;}&#8221; wpex_bg_position=&#8221;top center&#8221; el_class=&#8221;header_image&#8221;][vc_column][vc_column_text css=&#8221;&#8221; text_align=&#8221;center&#8221; color=&#8221;#ffffff&#8221;] &#8220;Die Mobil\u00e9&#8221; business theatre fills people with enthusiasm for your individual goals. We bring visions to life for all your employees and we move your audience, nationally and internationally. [\/vc_column_text][\/vc_column][\/vc_row][vc_row max_width_custom=&#8221;1024px&#8221;][vc_column][vc_column_text css=&#8221;.vc_custom_1737476333021{padding-bottom: 50px !important;}&#8221;&hellip;<\/p>\n","protected":false},"author":1,"featured_media":0,"parent":1459,"menu_order":2,"comment_status":"closed","ping_status":"closed","template":"","meta":{"_acf_changed":false,"footnotes":""},"class_list":["post-1400","page","type-page","status-publish","hentry","entry","no-media"],"acf":[],"yoast_head":"<!-- This site is optimized with the Yoast SEO plugin v27.4 - https:\/\/yoast.com\/product\/yoast-seo-wordpress\/ -->\n<title>Business Theater - die Mobil\u00e9s<\/title>\n<meta name=\"robots\" content=\"index, follow, max-snippet:-1, max-image-preview:large, max-video-preview:-1\" \/>\n<link rel=\"canonical\" href=\"https:\/\/www.mobile-theater.de\/en\/tailor-made-shows\/business-theater\/\" \/>\n<meta property=\"og:locale\" content=\"en_US\" \/>\n<meta property=\"og:type\" content=\"article\" \/>\n<meta property=\"og:title\" content=\"Business Theater - die Mobil\u00e9s\" \/>\n<meta property=\"og:description\" content=\"[vc_row full_width=&#8221;stretch_row&#8221; content_placement=&#8221;middle&#8221; column_spacing=&#8221;0px&#8221; css=&#8221;.vc_custom_1737967007759{margin-bottom: 50px !important;background-image: url(https:\/\/www.mobile-theater.de\/wp-content\/uploads\/2025\/01\/unternehmenstheater_header.jpg?id=43) !important;background-position: center !important;background-repeat: no-repeat !important;background-size: cover !important;}&#8221; wpex_bg_position=&#8221;top center&#8221; el_class=&#8221;header_image&#8221;][vc_column][vc_column_text css=&#8221;&#8221; text_align=&#8221;center&#8221; color=&#8221;#ffffff&#8221;] &#8220;Die Mobil\u00e9&#8221; business theatre fills people with enthusiasm for your individual goals. We bring visions to life for all your employees and we move your audience, nationally and internationally. [\/vc_column_text][\/vc_column][\/vc_row][vc_row max_width_custom=&#8221;1024px&#8221;][vc_column][vc_column_text css=&#8221;.vc_custom_1737476333021{padding-bottom: 50px !important;}&#8221;&hellip;\" \/>\n<meta property=\"og:url\" content=\"https:\/\/www.mobile-theater.de\/en\/tailor-made-shows\/business-theater\/\" \/>\n<meta property=\"og:site_name\" content=\"die Mobil\u00e9s\" \/>\n<meta property=\"article:modified_time\" content=\"2025-01-28T19:17:52+00:00\" \/>\n<meta name=\"twitter:card\" content=\"summary_large_image\" \/>\n<meta name=\"twitter:label1\" content=\"Est. reading time\" \/>\n\t<meta name=\"twitter:data1\" content=\"2 minutes\" \/>\n<script type=\"application\/ld+json\" class=\"yoast-schema-graph\">{\"@context\":\"https:\\\/\\\/schema.org\",\"@graph\":[{\"@type\":\"WebPage\",\"@id\":\"https:\\\/\\\/www.mobile-theater.de\\\/en\\\/tailor-made-shows\\\/business-theater\\\/\",\"url\":\"https:\\\/\\\/www.mobile-theater.de\\\/en\\\/tailor-made-shows\\\/business-theater\\\/\",\"name\":\"Business Theater - die Mobil\u00e9s\",\"isPartOf\":{\"@id\":\"https:\\\/\\\/www.mobile-theater.de\\\/en\\\/#website\"},\"datePublished\":\"2025-01-21T16:21:09+00:00\",\"dateModified\":\"2025-01-28T19:17:52+00:00\",\"breadcrumb\":{\"@id\":\"https:\\\/\\\/www.mobile-theater.de\\\/en\\\/tailor-made-shows\\\/business-theater\\\/#breadcrumb\"},\"inLanguage\":\"en-US\",\"potentialAction\":[{\"@type\":\"ReadAction\",\"target\":[\"https:\\\/\\\/www.mobile-theater.de\\\/en\\\/tailor-made-shows\\\/business-theater\\\/\"]}]},{\"@type\":\"BreadcrumbList\",\"@id\":\"https:\\\/\\\/www.mobile-theater.de\\\/en\\\/tailor-made-shows\\\/business-theater\\\/#breadcrumb\",\"itemListElement\":[{\"@type\":\"ListItem\",\"position\":1,\"name\":\"Startseite\",\"item\":\"https:\\\/\\\/www.mobile-theater.de\\\/en\\\/\"},{\"@type\":\"ListItem\",\"position\":2,\"name\":\"Tailor-made shows\",\"item\":\"https:\\\/\\\/www.mobile-theater.de\\\/en\\\/tailor-made-shows\\\/\"},{\"@type\":\"ListItem\",\"position\":3,\"name\":\"Business Theater\"}]},{\"@type\":\"WebSite\",\"@id\":\"https:\\\/\\\/www.mobile-theater.de\\\/en\\\/#website\",\"url\":\"https:\\\/\\\/www.mobile-theater.de\\\/en\\\/\",\"name\":\"die Mobil\u00e9s\",\"description\":\"\",\"publisher\":{\"@id\":\"https:\\\/\\\/www.mobile-theater.de\\\/en\\\/#organization\"},\"potentialAction\":[{\"@type\":\"SearchAction\",\"target\":{\"@type\":\"EntryPoint\",\"urlTemplate\":\"https:\\\/\\\/www.mobile-theater.de\\\/en\\\/?s={search_term_string}\"},\"query-input\":{\"@type\":\"PropertyValueSpecification\",\"valueRequired\":true,\"valueName\":\"search_term_string\"}}],\"inLanguage\":\"en-US\"},{\"@type\":\"Organization\",\"@id\":\"https:\\\/\\\/www.mobile-theater.de\\\/en\\\/#organization\",\"name\":\"die Mobil\u00e9s\",\"url\":\"https:\\\/\\\/www.mobile-theater.de\\\/en\\\/\",\"logo\":{\"@type\":\"ImageObject\",\"inLanguage\":\"en-US\",\"@id\":\"https:\\\/\\\/www.mobile-theater.de\\\/en\\\/#\\\/schema\\\/logo\\\/image\\\/\",\"url\":\"https:\\\/\\\/www.mobile-theater.de\\\/wp-content\\\/uploads\\\/2025\\\/01\\\/logo_diemobiles.svg\",\"contentUrl\":\"https:\\\/\\\/www.mobile-theater.de\\\/wp-content\\\/uploads\\\/2025\\\/01\\\/logo_diemobiles.svg\",\"caption\":\"die Mobil\u00e9s\"},\"image\":{\"@id\":\"https:\\\/\\\/www.mobile-theater.de\\\/en\\\/#\\\/schema\\\/logo\\\/image\\\/\"}}]}<\/script>\n<!-- \/ Yoast SEO plugin. -->","yoast_head_json":{"title":"Business Theater - die Mobil\u00e9s","robots":{"index":"index","follow":"follow","max-snippet":"max-snippet:-1","max-image-preview":"max-image-preview:large","max-video-preview":"max-video-preview:-1"},"canonical":"https:\/\/www.mobile-theater.de\/en\/tailor-made-shows\/business-theater\/","og_locale":"en_US","og_type":"article","og_title":"Business Theater - die Mobil\u00e9s","og_description":"[vc_row full_width=&#8221;stretch_row&#8221; content_placement=&#8221;middle&#8221; column_spacing=&#8221;0px&#8221; css=&#8221;.vc_custom_1737967007759{margin-bottom: 50px !important;background-image: url(https:\/\/www.mobile-theater.de\/wp-content\/uploads\/2025\/01\/unternehmenstheater_header.jpg?id=43) !important;background-position: center !important;background-repeat: no-repeat !important;background-size: cover !important;}&#8221; wpex_bg_position=&#8221;top center&#8221; el_class=&#8221;header_image&#8221;][vc_column][vc_column_text css=&#8221;&#8221; text_align=&#8221;center&#8221; color=&#8221;#ffffff&#8221;] &#8220;Die Mobil\u00e9&#8221; business theatre fills people with enthusiasm for your individual goals. We bring visions to life for all your employees and we move your audience, nationally and internationally. [\/vc_column_text][\/vc_column][\/vc_row][vc_row max_width_custom=&#8221;1024px&#8221;][vc_column][vc_column_text css=&#8221;.vc_custom_1737476333021{padding-bottom: 50px !important;}&#8221;&hellip;","og_url":"https:\/\/www.mobile-theater.de\/en\/tailor-made-shows\/business-theater\/","og_site_name":"die Mobil\u00e9s","article_modified_time":"2025-01-28T19:17:52+00:00","twitter_card":"summary_large_image","twitter_misc":{"Est. reading time":"2 minutes"},"schema":{"@context":"https:\/\/schema.org","@graph":[{"@type":"WebPage","@id":"https:\/\/www.mobile-theater.de\/en\/tailor-made-shows\/business-theater\/","url":"https:\/\/www.mobile-theater.de\/en\/tailor-made-shows\/business-theater\/","name":"Business Theater - die Mobil\u00e9s","isPartOf":{"@id":"https:\/\/www.mobile-theater.de\/en\/#website"},"datePublished":"2025-01-21T16:21:09+00:00","dateModified":"2025-01-28T19:17:52+00:00","breadcrumb":{"@id":"https:\/\/www.mobile-theater.de\/en\/tailor-made-shows\/business-theater\/#breadcrumb"},"inLanguage":"en-US","potentialAction":[{"@type":"ReadAction","target":["https:\/\/www.mobile-theater.de\/en\/tailor-made-shows\/business-theater\/"]}]},{"@type":"BreadcrumbList","@id":"https:\/\/www.mobile-theater.de\/en\/tailor-made-shows\/business-theater\/#breadcrumb","itemListElement":[{"@type":"ListItem","position":1,"name":"Startseite","item":"https:\/\/www.mobile-theater.de\/en\/"},{"@type":"ListItem","position":2,"name":"Tailor-made shows","item":"https:\/\/www.mobile-theater.de\/en\/tailor-made-shows\/"},{"@type":"ListItem","position":3,"name":"Business Theater"}]},{"@type":"WebSite","@id":"https:\/\/www.mobile-theater.de\/en\/#website","url":"https:\/\/www.mobile-theater.de\/en\/","name":"die Mobil\u00e9s","description":"","publisher":{"@id":"https:\/\/www.mobile-theater.de\/en\/#organization"},"potentialAction":[{"@type":"SearchAction","target":{"@type":"EntryPoint","urlTemplate":"https:\/\/www.mobile-theater.de\/en\/?s={search_term_string}"},"query-input":{"@type":"PropertyValueSpecification","valueRequired":true,"valueName":"search_term_string"}}],"inLanguage":"en-US"},{"@type":"Organization","@id":"https:\/\/www.mobile-theater.de\/en\/#organization","name":"die Mobil\u00e9s","url":"https:\/\/www.mobile-theater.de\/en\/","logo":{"@type":"ImageObject","inLanguage":"en-US","@id":"https:\/\/www.mobile-theater.de\/en\/#\/schema\/logo\/image\/","url":"https:\/\/www.mobile-theater.de\/wp-content\/uploads\/2025\/01\/logo_diemobiles.svg","contentUrl":"https:\/\/www.mobile-theater.de\/wp-content\/uploads\/2025\/01\/logo_diemobiles.svg","caption":"die Mobil\u00e9s"},"image":{"@id":"https:\/\/www.mobile-theater.de\/en\/#\/schema\/logo\/image\/"}}]}},"_links":{"self":[{"href":"https:\/\/www.mobile-theater.de\/en\/wp-json\/wp\/v2\/pages\/1400","targetHints":{"allow":["GET"]}}],"collection":[{"href":"https:\/\/www.mobile-theater.de\/en\/wp-json\/wp\/v2\/pages"}],"about":[{"href":"https:\/\/www.mobile-theater.de\/en\/wp-json\/wp\/v2\/types\/page"}],"author":[{"embeddable":true,"href":"https:\/\/www.mobile-theater.de\/en\/wp-json\/wp\/v2\/users\/1"}],"replies":[{"embeddable":true,"href":"https:\/\/www.mobile-theater.de\/en\/wp-json\/wp\/v2\/comments?post=1400"}],"version-history":[{"count":2,"href":"https:\/\/www.mobile-theater.de\/en\/wp-json\/wp\/v2\/pages\/1400\/revisions"}],"predecessor-version":[{"id":1469,"href":"https:\/\/www.mobile-theater.de\/en\/wp-json\/wp\/v2\/pages\/1400\/revisions\/1469"}],"up":[{"embeddable":true,"href":"https:\/\/www.mobile-theater.de\/en\/wp-json\/wp\/v2\/pages\/1459"}],"wp:attachment":[{"href":"https:\/\/www.mobile-theater.de\/en\/wp-json\/wp\/v2\/media?parent=1400"}],"curies":[{"name":"wp","href":"https:\/\/api.w.org\/{rel}","templated":true}]}}